{"id":5311,"date":"2026-04-07T21:21:02","date_gmt":"2026-04-07T19:21:02","guid":{"rendered":"https:\/\/pik-mi.pl\/?post_type=product&#038;p=5311"},"modified":"2026-04-07T21:21:53","modified_gmt":"2026-04-07T19:21:53","slug":"ochh-ujeje-krewetka-kolor-czarny","status":"publish","type":"product","link":"https:\/\/pik-mi.pl\/?product=ochh-ujeje-krewetka-kolor-czarny","title":{"rendered":"Ochh ujej\u0119 &#8211; krewetka, kolor czarny"},"content":{"rendered":"","protected":false},"excerpt":{"rendered":"<p><!--StartFragment --><\/p>\n<p><!--StartFragment --><\/p>\n<p><!--StartFragment --><\/p>\n<p><!--StartFragment --><\/p>\n<p><!--StartFragment --><\/p>\n<p><!--StartFragment --><\/p>\n<p><!--StartFragment --><\/p>\n<p><!--StartFragment --><\/p>\n<p><!--StartFragment --><\/p>\n<p><!--StartFragment --><\/p>\n<p><!--StartFragment --><\/p>\n<p><!--StartFragment --><\/p>\n<p><!--StartFragment --><\/p>\n<p><!--StartFragment --><\/p>\n<p><!--StartFragment --><\/p>\n<p><!--StartFragment --><\/p>\n<p><!--StartFragment --><\/p>\n<p><!--StartFragment --><\/p>\n<p><!--StartFragment --><\/p>\n<p><!--StartFragment --><\/p>\n<p><!--StartFragment --><\/p>\n<p>Ta koszulka to idealne po\u0142\u0105czenie s\u0142odkiej estetyki i bezczelnego humoru. Urocza, r\u0119cznie rysowana grafika w kt\u00f3rej kryje si\u0119 s\u0142odka krewetka, sprytnie wpleciony napis \u201eochujej\u0119\u201d. Efekt? Projekt, kt\u00f3ry na pierwszy rzut oka wygl\u0105da niewinnie, a po chwili wywo\u0142uje salw\u0119 \u015bmiechu. Idealna dla os\u00f3b, kt\u00f3re kochaj\u0105 ironi\u0119, subtelne \u017carty i ilustracje z charakterem.<\/p>\n<p>\u2705 Dlaczego warto?<\/p>\n<ul>\n<li><strong>Unikatowa, ilustracyjna grafika<\/strong> \u2013 r\u0119cznie rysowana grafika z krewetk\u0105<\/li>\n<li><strong>Ukryty napis \u201eochujej\u0119\u201d<\/strong> \u2013 humor, kt\u00f3ry odkrywa si\u0119 dopiero po chwili<\/li>\n<li><strong>Wysoka jako\u015b\u0107 nadruku<\/strong> \u2013 trwa\u0142y, odporny na pranie, zachowuje detale ilustracji<\/li>\n<li><strong>Wysoka jako\u015b\u0107 wykonania<\/strong> \u2013 trwa\u0142y nadruk odporny na pranie, 100% bawe\u0142na, gramatura: 190 g\/m\u00b2<\/li>\n<li><strong>Unisex i uniwersalny kr\u00f3j<\/strong> \u2013 dost\u0119pna w rozmiarach S\u2013XXXL<\/li>\n<li><strong>Idealna na prezent<\/strong> \u2013 dla fan\u00f3w ilustracji, ironii i estetycznych projekt\u00f3w z twistem<\/li>\n<\/ul>\n<p><!--EndFragment --><\/p>\n<p><!--EndFragment --><\/p>\n<p><!--EndFragment --><\/p>\n<p><!--EndFragment --><\/p>\n<p><!--EndFragment --><\/p>\n<p><!--EndFragment --><\/p>\n<p><!--EndFragment --><\/p>\n<p><!--EndFragment --><\/p>\n<p><!--EndFragment --><\/p>\n<p><!--EndFragment --><\/p>\n<p><!--EndFragment --><\/p>\n<p><!--EndFragment --><\/p>\n<p><!--EndFragment --><\/p>\n<p><img decoding=\"async\" src=\"https:\/\/pik-mi.pl\/wp-content\/uploads\/2025\/10\/rozmiarowka-koszulki-regular.webp\" alt=\"rozmiarowka\" \/><br \/>\n<!--EndFragment --><\/p>\n","protected":false},"featured_media":5310,"comment_status":"open","ping_status":"closed","template":"","meta":{"jetpack_publicize_message":"","jetpack_publicize_feature_enabled":true,"jetpack_social_post_already_shared":true,"jetpack_social_options":{"image_generator_settings":{"template":"highway","default_image_id":0,"font":"","enabled":false},"version":2}},"product_brand":[],"product_cat":[56,62],"product_tag":[],"class_list":{"0":"post-5311","1":"product","2":"type-product","3":"status-publish","4":"has-post-thumbnail","6":"product_cat-koszulki","7":"product_cat-z-humorem","9":"first","10":"instock","11":"shipping-taxable","12":"purchasable","13":"product-type-variable","14":"has-default-attributes"},"jetpack_publicize_connections":[],"_links":{"self":[{"href":"https:\/\/pik-mi.pl\/index.php?rest_route=\/wp\/v2\/product\/5311","targetHints":{"allow":["GET"]}}],"collection":[{"href":"https:\/\/pik-mi.pl\/index.php?rest_route=\/wp\/v2\/product"}],"about":[{"href":"https:\/\/pik-mi.pl\/index.php?rest_route=\/wp\/v2\/types\/product"}],"replies":[{"embeddable":true,"href":"https:\/\/pik-mi.pl\/index.php?rest_route=%2Fwp%2Fv2%2Fcomments&post=5311"}],"wp:featuredmedia":[{"embeddable":true,"href":"https:\/\/pik-mi.pl\/index.php?rest_route=\/wp\/v2\/media\/5310"}],"wp:attachment":[{"href":"https:\/\/pik-mi.pl\/index.php?rest_route=%2Fwp%2Fv2%2Fmedia&parent=5311"}],"wp:term":[{"taxonomy":"product_brand","embeddable":true,"href":"https:\/\/pik-mi.pl\/index.php?rest_route=%2Fwp%2Fv2%2Fproduct_brand&post=5311"},{"taxonomy":"product_cat","embeddable":true,"href":"https:\/\/pik-mi.pl\/index.php?rest_route=%2Fwp%2Fv2%2Fproduct_cat&post=5311"},{"taxonomy":"product_tag","embeddable":true,"href":"https:\/\/pik-mi.pl\/index.php?rest_route=%2Fwp%2Fv2%2Fproduct_tag&post=5311"}],"curies":[{"name":"wp","href":"https:\/\/api.w.org\/{rel}","templated":true}]}}