{"id":5179,"date":"2026-03-28T18:07:59","date_gmt":"2026-03-28T17:07:59","guid":{"rendered":"https:\/\/pik-mi.pl\/?post_type=product&#038;p=5179"},"modified":"2026-03-28T18:09:07","modified_gmt":"2026-03-28T17:09:07","slug":"bluza-pojbie-mnie-zaraz-kolor-buttercream","status":"publish","type":"product","link":"https:\/\/pik-mi.pl\/?product=bluza-pojbie-mnie-zaraz-kolor-buttercream","title":{"rendered":"Bluza: Poj*bie mnie zaraz, kolor: buttercream"},"content":{"rendered":"","protected":false},"excerpt":{"rendered":"<p><!--StartFragment --><\/p>\n<p>Ta bluza to idealne po\u0142\u0105czenie s\u0142odkiej estetyki i bezczelnego humoru. Urocza, r\u0119cznie rysowana grafika znaczka pocztowego ozdobionego delikatnymi kwiatkami kryje w \u0142odygach sprytnie wpleciony napis \u201epojebie mnie zaraz\u201d. Efekt? Projekt, kt\u00f3ry na pierwszy rzut oka wygl\u0105da niewinnie, a po chwili wywo\u0142uje salw\u0119 \u015bmiechu. Idealna dla os\u00f3b, kt\u00f3re kochaj\u0105 ironi\u0119, subtelne \u017carty i ilustracje z charakterem.<\/p>\n<p>\u2705 Dlaczego warto?<\/p>\n<ul>\n<li><strong>Unikatowa, ilustracyjna grafika<\/strong>\u00a0\u2013 r\u0119cznie rysowany znaczek pocztowy z kwiatami<\/li>\n<li><strong>Ukryty napis \u201epojebie mnie zaraz\u201d<\/strong>\u00a0\u2013 humor, kt\u00f3ry odkrywa si\u0119 dopiero po chwili<\/li>\n<li><strong>Wysoka jako\u015b\u0107 wykonania <\/strong>&#8211; trwa\u0142y nadruk odporny na pranie, 80% bawe\u0142na, 20% poliester, gramatura: 320 g\/m\u00b2<\/li>\n<li><strong>Dost\u0119pna w r\u00f3\u017cnych rozmiarach<\/strong> \u2013 dost\u0119pna w rozmiarach S\u2013XXL w wersji <strong>oversize<\/strong><\/li>\n<li><strong>Idealna na prezent<\/strong>\u00a0\u2013 dla fan\u00f3w ilustracji, ironii i estetycznych projekt\u00f3w z twistem<\/li>\n<\/ul>\n<p><img decoding=\"async\" src=\"https:\/\/pik-mi.pl\/wp-content\/uploads\/2025\/10\/rozmiarowka-bluzy.webp\" alt=\"rozmiarowka\" \/><\/p>\n<p><strong>ZALECAMY SPRAWDZI\u0106 ROZMIAR PRZED Z\u0141O\u017bENIEM ZAM\u00d3WIENIA<br \/>\nBLUZY S\u0104 NAPRAWD\u0118 DU\u017bE<\/strong><br \/>\n<!--EndFragment --><\/p>\n","protected":false},"featured_media":5171,"comment_status":"open","ping_status":"closed","template":"","meta":{"jetpack_publicize_message":"","jetpack_publicize_feature_enabled":true,"jetpack_social_post_already_shared":true,"jetpack_social_options":{"image_generator_settings":{"template":"highway","default_image_id":0,"font":"","enabled":false},"version":2}},"product_brand":[],"product_cat":[57],"product_tag":[],"class_list":{"0":"post-5179","1":"product","2":"type-product","3":"status-publish","4":"has-post-thumbnail","6":"product_cat-bluzy","8":"first","9":"instock","10":"shipping-taxable","11":"purchasable","12":"product-type-variable"},"jetpack_publicize_connections":[],"_links":{"self":[{"href":"https:\/\/pik-mi.pl\/index.php?rest_route=\/wp\/v2\/product\/5179","targetHints":{"allow":["GET"]}}],"collection":[{"href":"https:\/\/pik-mi.pl\/index.php?rest_route=\/wp\/v2\/product"}],"about":[{"href":"https:\/\/pik-mi.pl\/index.php?rest_route=\/wp\/v2\/types\/product"}],"replies":[{"embeddable":true,"href":"https:\/\/pik-mi.pl\/index.php?rest_route=%2Fwp%2Fv2%2Fcomments&post=5179"}],"wp:featuredmedia":[{"embeddable":true,"href":"https:\/\/pik-mi.pl\/index.php?rest_route=\/wp\/v2\/media\/5171"}],"wp:attachment":[{"href":"https:\/\/pik-mi.pl\/index.php?rest_route=%2Fwp%2Fv2%2Fmedia&parent=5179"}],"wp:term":[{"taxonomy":"product_brand","embeddable":true,"href":"https:\/\/pik-mi.pl\/index.php?rest_route=%2Fwp%2Fv2%2Fproduct_brand&post=5179"},{"taxonomy":"product_cat","embeddable":true,"href":"https:\/\/pik-mi.pl\/index.php?rest_route=%2Fwp%2Fv2%2Fproduct_cat&post=5179"},{"taxonomy":"product_tag","embeddable":true,"href":"https:\/\/pik-mi.pl\/index.php?rest_route=%2Fwp%2Fv2%2Fproduct_tag&post=5179"}],"curies":[{"name":"wp","href":"https:\/\/api.w.org\/{rel}","templated":true}]}}