{"id":4992,"date":"2026-03-12T14:35:04","date_gmt":"2026-03-12T13:35:04","guid":{"rendered":"https:\/\/pik-mi.pl\/?post_type=product&#038;p=4992"},"modified":"2026-03-12T14:37:56","modified_gmt":"2026-03-12T13:37:56","slug":"wez-sie-pi-sankami-zajmij-kolor-czarny","status":"publish","type":"product","link":"https:\/\/pik-mi.pl\/?product=wez-sie-pi-sankami-zajmij-kolor-czarny","title":{"rendered":"We\u017a si\u0119 pi&#8230; sankami zajmij, kolor czarny"},"content":{"rendered":"","protected":false},"excerpt":{"rendered":"<p><!--StartFragment --><\/p>\n<p>Ta koszulka to idealny wyb\u00f3r dla os\u00f3b, kt\u00f3re lubi\u0105 po\u0142\u0105czy\u0107 wielkanocn\u0105 s\u0142odycz z odrobin\u0105 bezczelnego humoru. Ilustracja przedstawia <strong>pisanki, uroczego kr\u00f3liczka wielkanocnego i malutkiego kurczaczka<\/strong>, a ca\u0142o\u015b\u0107 dope\u0142nia przewrotny, \u017cartobliwy napis <strong>\u201ewe\u017a si\u0119 pi\u2026.. sankami zajmij\u201d<\/strong>. To projekt, kt\u00f3ry bawi, zaskakuje i \u015bwietnie sprawdzi si\u0119 jako \u015bwi\u0105teczny prezent dla os\u00f3b z dystansem i poczuciem humoru.<\/p>\n<h3>\ud83d\udc23 Dlaczego warto?<\/h3>\n<ul>\n<li><strong>Urocze ilustracje pisanek, kr\u00f3liczka i kurczaczka<\/strong> \u2013 klasyczny wielkanocny klimat w nowoczesnym wydaniu<\/li>\n<li><strong>Zabawny, zadziorny napis<\/strong> \u2013 idealny dla os\u00f3b, kt\u00f3re lubi\u0105 prze\u0142amywa\u0107 \u015bwi\u0105teczn\u0105 s\u0142odycz humorem<\/li>\n<li><strong>Wysoka jako\u015b\u0107 nadruku<\/strong> \u2013 trwa\u0142y, odporny na pranie, zachowuje kolory i detale<\/li>\n<li><strong>Wysoka jako\u015b\u0107 wykonania <\/strong>&#8211; trwa\u0142y nadruk odporny na pranie, 100% bawe\u0142na, gramatura: 190 g\/m\u00b2<\/li>\n<li><strong>Unisex i uniwersalny kr\u00f3j<\/strong> \u2013 dost\u0119pna w rozmiarach S\u2013XXXL<\/li>\n<li><strong>\u015awietny prezent wielkanocny<\/strong> \u2013 dla znajomych, rodziny lub jako zabawny element w\u0142asnej styl\u00f3wki.<\/li>\n<\/ul>\n<p>&nbsp;<\/p>\n<p><img decoding=\"async\" src=\"https:\/\/pik-mi.pl\/wp-content\/uploads\/2025\/10\/rozmiarowka-koszulki-regular.webp\" alt=\"rozmiarowka\" \/><br \/>\n<!--EndFragment --><\/p>\n","protected":false},"featured_media":4951,"comment_status":"open","ping_status":"closed","template":"","meta":{"jetpack_publicize_message":"","jetpack_publicize_feature_enabled":true,"jetpack_social_post_already_shared":true,"jetpack_social_options":{"image_generator_settings":{"template":"highway","default_image_id":0,"font":"","enabled":false},"version":2}},"product_brand":[],"product_cat":[56,62],"product_tag":[],"class_list":{"0":"post-4992","1":"product","2":"type-product","3":"status-publish","4":"has-post-thumbnail","6":"product_cat-koszulki","7":"product_cat-z-humorem","9":"first","10":"instock","11":"shipping-taxable","12":"purchasable","13":"product-type-variable","14":"has-default-attributes"},"jetpack_publicize_connections":[],"_links":{"self":[{"href":"https:\/\/pik-mi.pl\/index.php?rest_route=\/wp\/v2\/product\/4992","targetHints":{"allow":["GET"]}}],"collection":[{"href":"https:\/\/pik-mi.pl\/index.php?rest_route=\/wp\/v2\/product"}],"about":[{"href":"https:\/\/pik-mi.pl\/index.php?rest_route=\/wp\/v2\/types\/product"}],"replies":[{"embeddable":true,"href":"https:\/\/pik-mi.pl\/index.php?rest_route=%2Fwp%2Fv2%2Fcomments&post=4992"}],"wp:featuredmedia":[{"embeddable":true,"href":"https:\/\/pik-mi.pl\/index.php?rest_route=\/wp\/v2\/media\/4951"}],"wp:attachment":[{"href":"https:\/\/pik-mi.pl\/index.php?rest_route=%2Fwp%2Fv2%2Fmedia&parent=4992"}],"wp:term":[{"taxonomy":"product_brand","embeddable":true,"href":"https:\/\/pik-mi.pl\/index.php?rest_route=%2Fwp%2Fv2%2Fproduct_brand&post=4992"},{"taxonomy":"product_cat","embeddable":true,"href":"https:\/\/pik-mi.pl\/index.php?rest_route=%2Fwp%2Fv2%2Fproduct_cat&post=4992"},{"taxonomy":"product_tag","embeddable":true,"href":"https:\/\/pik-mi.pl\/index.php?rest_route=%2Fwp%2Fv2%2Fproduct_tag&post=4992"}],"curies":[{"name":"wp","href":"https:\/\/api.w.org\/{rel}","templated":true}]}}