{"id":4984,"date":"2026-03-12T14:34:34","date_gmt":"2026-03-12T13:34:34","guid":{"rendered":"https:\/\/pik-mi.pl\/?post_type=product&#038;p=4984"},"modified":"2026-03-12T14:34:49","modified_gmt":"2026-03-12T13:34:49","slug":"no-bez-jaj-kolor-bialy","status":"publish","type":"product","link":"https:\/\/pik-mi.pl\/?product=no-bez-jaj-kolor-bialy","title":{"rendered":"No bez jaj, kolor bia\u0142y"},"content":{"rendered":"","protected":false},"excerpt":{"rendered":"<p><!--StartFragment --><\/p>\n<p>Ta koszulka to idealny wyb\u00f3r na Wielkanoc dla os\u00f3b, kt\u00f3re lubi\u0105 po\u0142\u0105czy\u0107 uroczy \u015bwi\u0105teczny klimat z lekkim, \u017cartobliwym akcentem. Ilustracja przedstawia <strong>zaj\u0105ca wielkanocnego i ma\u0142ego kurczaczka<\/strong>, a w kompozycj\u0119 sprytnie wpleciony jest ukryty napis <strong>\u201eno bez jaj\u201d<\/strong>. Efekt jest jednocze\u015bnie s\u0142odki i zabawny \u2014 idealny na rodzinne spotkania, \u015bwi\u0105teczne zdj\u0119cia i jako prezent.<\/p>\n<h3>\u00a0Dlaczego warto?<\/h3>\n<ul>\n<li><strong>Urocza ilustracja zaj\u0105ca i kurczaczka<\/strong> \u2013 klasyczny wielkanocny motyw w nowoczesnym, lekkim stylu<\/li>\n<li><strong>Ukryty napis \u201eno bez jaj\u201d<\/strong> \u2013 humorystyczny twist, kt\u00f3ry dodaje koszulce charakteru<\/li>\n<li><strong>Wysoka jako\u015b\u0107 nadruku<\/strong> \u2013 trwa\u0142y, odporny na pranie, zachowuje kolory i detale<\/li>\n<li><strong>Wysoka jako\u015b\u0107 wykonania <\/strong>&#8211; trwa\u0142y nadruk odporny na pranie, 100% bawe\u0142na, gramatura: 190 g\/m\u00b2<\/li>\n<li><strong>Unisex i uniwersalny kr\u00f3j<\/strong> \u2013 dost\u0119pna w rozmiarach S\u2013XXXL<\/li>\n<li><strong>\u015awietny prezent wielkanocny<\/strong> \u2013 dla rodziny, znajomych lub jako zabawny element w\u0142asnej styl\u00f3wki<\/li>\n<\/ul>\n<p>&nbsp;<\/p>\n<p>&nbsp;<\/p>\n<p><img decoding=\"async\" src=\"https:\/\/pik-mi.pl\/wp-content\/uploads\/2025\/10\/rozmiarowka-koszulki-regular.webp\" alt=\"rozmiarowka\" \/><br \/>\n<!--EndFragment --><\/p>\n","protected":false},"featured_media":4944,"comment_status":"open","ping_status":"closed","template":"","meta":{"jetpack_publicize_message":"","jetpack_publicize_feature_enabled":true,"jetpack_social_post_already_shared":true,"jetpack_social_options":{"image_generator_settings":{"template":"highway","default_image_id":0,"font":"","enabled":false},"version":2}},"product_brand":[],"product_cat":[56,62],"product_tag":[],"class_list":{"0":"post-4984","1":"product","2":"type-product","3":"status-publish","4":"has-post-thumbnail","6":"product_cat-koszulki","7":"product_cat-z-humorem","9":"first","10":"instock","11":"shipping-taxable","12":"purchasable","13":"product-type-variable","14":"has-default-attributes"},"jetpack_publicize_connections":[],"_links":{"self":[{"href":"https:\/\/pik-mi.pl\/index.php?rest_route=\/wp\/v2\/product\/4984","targetHints":{"allow":["GET"]}}],"collection":[{"href":"https:\/\/pik-mi.pl\/index.php?rest_route=\/wp\/v2\/product"}],"about":[{"href":"https:\/\/pik-mi.pl\/index.php?rest_route=\/wp\/v2\/types\/product"}],"replies":[{"embeddable":true,"href":"https:\/\/pik-mi.pl\/index.php?rest_route=%2Fwp%2Fv2%2Fcomments&post=4984"}],"wp:featuredmedia":[{"embeddable":true,"href":"https:\/\/pik-mi.pl\/index.php?rest_route=\/wp\/v2\/media\/4944"}],"wp:attachment":[{"href":"https:\/\/pik-mi.pl\/index.php?rest_route=%2Fwp%2Fv2%2Fmedia&parent=4984"}],"wp:term":[{"taxonomy":"product_brand","embeddable":true,"href":"https:\/\/pik-mi.pl\/index.php?rest_route=%2Fwp%2Fv2%2Fproduct_brand&post=4984"},{"taxonomy":"product_cat","embeddable":true,"href":"https:\/\/pik-mi.pl\/index.php?rest_route=%2Fwp%2Fv2%2Fproduct_cat&post=4984"},{"taxonomy":"product_tag","embeddable":true,"href":"https:\/\/pik-mi.pl\/index.php?rest_route=%2Fwp%2Fv2%2Fproduct_tag&post=4984"}],"curies":[{"name":"wp","href":"https:\/\/api.w.org\/{rel}","templated":true}]}}