{"id":4960,"date":"2026-03-12T14:27:55","date_gmt":"2026-03-12T13:27:55","guid":{"rendered":"https:\/\/pik-mi.pl\/?post_type=product&#038;p=4960"},"modified":"2026-03-12T14:40:15","modified_gmt":"2026-03-12T13:40:15","slug":"ssssperdalaj-kolor-czarny","status":"publish","type":"product","link":"https:\/\/pik-mi.pl\/?product=ssssperdalaj-kolor-czarny","title":{"rendered":"Sssspie*dalaj, kolor czarny"},"content":{"rendered":"","protected":false},"excerpt":{"rendered":"<p><!--StartFragment --><\/p>\n<p>Ta koszulka to idealny wyb\u00f3r dla os\u00f3b, kt\u00f3re kochaj\u0105 po\u0142\u0105czenie pi\u0119knej, delikatnej ilustracji z mocnym, przewrotnym akcentem. Grafika przedstawia <strong>w\u0119\u017ca wij\u0105cego si\u0119 w\u015br\u00f3d kwiat\u00f3w<\/strong>, a w kompozycj\u0119 sprytnie wpleciony jest ukryty napis <strong>\u201espierdalaj\u201d<\/strong>. Efekt? Projekt, kt\u00f3ry na pierwszy rzut oka wygl\u0105da jak artystyczny nadruk, a dopiero po chwili ujawnia swoje prawdziwe, bezkompromisowe przes\u0142anie.<\/p>\n<h3>Dlaczego warto?<\/h3>\n<ul>\n<li><strong>Oryginalna ilustracja<\/strong> \u2013 w\u0105\u017c w kwiatach tworzy estetyczny, lekko mistyczny motyw<\/li>\n<li><strong>Ukryty napis \u201espierdalaj\u201d<\/strong> \u2013 idealny dla os\u00f3b, kt\u00f3re lubi\u0105 subtelny, ale dosadny humor<\/li>\n<li><strong>Wysoka jako\u015b\u0107 nadruku<\/strong> \u2013 trwa\u0142y, odporny na pranie, zachowuje detale i kolory<\/li>\n<li><strong>Wysoka jako\u015b\u0107 wykonania <\/strong>&#8211; trwa\u0142y nadruk odporny na pranie, 100% bawe\u0142na, gramatura: 190 g\/m\u00b2<\/li>\n<li><strong>Unisex i uniwersalny kr\u00f3j<\/strong> \u2013 dost\u0119pna w rozmiarach S\u2013XXXL<\/li>\n<li><strong>\u015awietny prezent<\/strong> \u2013 dla os\u00f3b z charakterem, dystansem i zami\u0142owaniem do nieoczywistych grafik<\/li>\n<\/ul>\n<p>&nbsp;<\/p>\n<p><img decoding=\"async\" src=\"https:\/\/pik-mi.pl\/wp-content\/uploads\/2025\/10\/rozmiarowka-koszulki-regular.webp\" alt=\"rozmiarowka\" \/><br \/>\n<!--EndFragment --><\/p>\n","protected":false},"featured_media":4949,"comment_status":"open","ping_status":"closed","template":"","meta":{"jetpack_publicize_message":"","jetpack_publicize_feature_enabled":true,"jetpack_social_post_already_shared":true,"jetpack_social_options":{"image_generator_settings":{"template":"highway","default_image_id":0,"font":"","enabled":false},"version":2}},"product_brand":[],"product_cat":[56,62],"product_tag":[],"class_list":{"0":"post-4960","1":"product","2":"type-product","3":"status-publish","4":"has-post-thumbnail","6":"product_cat-koszulki","7":"product_cat-z-humorem","9":"first","10":"instock","11":"shipping-taxable","12":"purchasable","13":"product-type-variable","14":"has-default-attributes"},"jetpack_publicize_connections":[],"_links":{"self":[{"href":"https:\/\/pik-mi.pl\/index.php?rest_route=\/wp\/v2\/product\/4960","targetHints":{"allow":["GET"]}}],"collection":[{"href":"https:\/\/pik-mi.pl\/index.php?rest_route=\/wp\/v2\/product"}],"about":[{"href":"https:\/\/pik-mi.pl\/index.php?rest_route=\/wp\/v2\/types\/product"}],"replies":[{"embeddable":true,"href":"https:\/\/pik-mi.pl\/index.php?rest_route=%2Fwp%2Fv2%2Fcomments&post=4960"}],"wp:featuredmedia":[{"embeddable":true,"href":"https:\/\/pik-mi.pl\/index.php?rest_route=\/wp\/v2\/media\/4949"}],"wp:attachment":[{"href":"https:\/\/pik-mi.pl\/index.php?rest_route=%2Fwp%2Fv2%2Fmedia&parent=4960"}],"wp:term":[{"taxonomy":"product_brand","embeddable":true,"href":"https:\/\/pik-mi.pl\/index.php?rest_route=%2Fwp%2Fv2%2Fproduct_brand&post=4960"},{"taxonomy":"product_cat","embeddable":true,"href":"https:\/\/pik-mi.pl\/index.php?rest_route=%2Fwp%2Fv2%2Fproduct_cat&post=4960"},{"taxonomy":"product_tag","embeddable":true,"href":"https:\/\/pik-mi.pl\/index.php?rest_route=%2Fwp%2Fv2%2Fproduct_tag&post=4960"}],"curies":[{"name":"wp","href":"https:\/\/api.w.org\/{rel}","templated":true}]}}