{"id":4936,"date":"2026-03-12T14:23:31","date_gmt":"2026-03-12T13:23:31","guid":{"rendered":"https:\/\/pik-mi.pl\/?post_type=product&#038;p=4936"},"modified":"2026-03-12T14:27:14","modified_gmt":"2026-03-12T13:27:14","slug":"o-psiurwa-kolor-czarny","status":"publish","type":"product","link":"https:\/\/pik-mi.pl\/?product=o-psiurwa-kolor-czarny","title":{"rendered":"O PSIURWA, kolor czarny"},"content":{"rendered":"","protected":false},"excerpt":{"rendered":"<p><!--StartFragment --><\/p>\n<p>Ta koszulka to idealny wyb\u00f3r dla os\u00f3b, kt\u00f3re kochaj\u0105 psy, memiczny humor i urocze ilustracje. Grafika przedstawia <strong>s\u0142odkiego pieska<\/strong>, a obok niego znajduj\u0105 si\u0119 <strong>b\u0142otne odciski \u0142apek<\/strong>, kt\u00f3re dodaj\u0105 projektowi naturalnego, psiego uroku. Ca\u0142o\u015b\u0107 dope\u0142nia zabawny napis <strong>\u201eo psiurwa\u201d<\/strong> \u2014 lekki, \u017cartobliwy i idealny dla ka\u017cdego, kto zna \u017cycie z czworonogiem od podszewki.<\/p>\n<h3>Dlaczego warto?<\/h3>\n<ul>\n<li><strong>Urocza ilustracja pieska<\/strong> \u2013 idealna dla mi\u0142o\u015bnik\u00f3w ps\u00f3w i s\u0142odkich grafik<\/li>\n<li><strong>Zabawny napis \u201eo psiurwa\u201d<\/strong> \u2013 humorystyczny akcent, kt\u00f3ry wywo\u0142uje u\u015bmiech<\/li>\n<li><strong>B\u0142otne odciski \u0142apek<\/strong> \u2013 dodaj\u0105 charakteru i podkre\u015blaj\u0105 psie szale\u0144stwo<\/li>\n<li><strong>Wysoka jako\u015b\u0107 nadruku<\/strong> \u2013 trwa\u0142y, odporny na pranie, zachowuje detale i kolory<\/li>\n<li><strong>Wysoka jako\u015b\u0107 wykonania <\/strong>&#8211; trwa\u0142y nadruk odporny na pranie, 100% bawe\u0142na, gramatura: 190 g\/m\u00b2<\/li>\n<li><strong>Unisex i uniwersalny kr\u00f3j<\/strong> \u2013 dost\u0119pna w rozmiarach S\u2013XXXL<\/li>\n<li><strong>Idealna na prezent<\/strong><\/li>\n<\/ul>\n<p>&nbsp;<\/p>\n<p><img decoding=\"async\" src=\"https:\/\/pik-mi.pl\/wp-content\/uploads\/2025\/10\/rozmiarowka-koszulki-regular.webp\" alt=\"rozmiarowka\" \/><br \/>\n<!--EndFragment --><\/p>\n","protected":false},"featured_media":4947,"comment_status":"open","ping_status":"closed","template":"","meta":{"jetpack_publicize_message":"","jetpack_publicize_feature_enabled":true,"jetpack_social_post_already_shared":true,"jetpack_social_options":{"image_generator_settings":{"template":"highway","default_image_id":0,"font":"","enabled":false},"version":2}},"product_brand":[],"product_cat":[56,62],"product_tag":[],"class_list":{"0":"post-4936","1":"product","2":"type-product","3":"status-publish","4":"has-post-thumbnail","6":"product_cat-koszulki","7":"product_cat-z-humorem","9":"first","10":"instock","11":"shipping-taxable","12":"purchasable","13":"product-type-variable","14":"has-default-attributes"},"jetpack_publicize_connections":[],"_links":{"self":[{"href":"https:\/\/pik-mi.pl\/index.php?rest_route=\/wp\/v2\/product\/4936","targetHints":{"allow":["GET"]}}],"collection":[{"href":"https:\/\/pik-mi.pl\/index.php?rest_route=\/wp\/v2\/product"}],"about":[{"href":"https:\/\/pik-mi.pl\/index.php?rest_route=\/wp\/v2\/types\/product"}],"replies":[{"embeddable":true,"href":"https:\/\/pik-mi.pl\/index.php?rest_route=%2Fwp%2Fv2%2Fcomments&post=4936"}],"wp:featuredmedia":[{"embeddable":true,"href":"https:\/\/pik-mi.pl\/index.php?rest_route=\/wp\/v2\/media\/4947"}],"wp:attachment":[{"href":"https:\/\/pik-mi.pl\/index.php?rest_route=%2Fwp%2Fv2%2Fmedia&parent=4936"}],"wp:term":[{"taxonomy":"product_brand","embeddable":true,"href":"https:\/\/pik-mi.pl\/index.php?rest_route=%2Fwp%2Fv2%2Fproduct_brand&post=4936"},{"taxonomy":"product_cat","embeddable":true,"href":"https:\/\/pik-mi.pl\/index.php?rest_route=%2Fwp%2Fv2%2Fproduct_cat&post=4936"},{"taxonomy":"product_tag","embeddable":true,"href":"https:\/\/pik-mi.pl\/index.php?rest_route=%2Fwp%2Fv2%2Fproduct_tag&post=4936"}],"curies":[{"name":"wp","href":"https:\/\/api.w.org\/{rel}","templated":true}]}}