{"id":4053,"date":"2026-01-25T19:53:51","date_gmt":"2026-01-25T18:53:51","guid":{"rendered":"https:\/\/pik-mi.pl\/?post_type=product&#038;p=4053"},"modified":"2026-01-25T19:54:09","modified_gmt":"2026-01-25T18:54:09","slug":"the-cutest-girlfriend-ever-kolor-czarny","status":"publish","type":"product","link":"https:\/\/pik-mi.pl\/?product=the-cutest-girlfriend-ever-kolor-czarny","title":{"rendered":"The cutest girlfriend ever, kolor czarny"},"content":{"rendered":"","protected":false},"excerpt":{"rendered":"<p><!--StartFragment --><\/p>\n<p><!--StartFragment --><\/p>\n<p><!--StartFragment --><\/p>\n<p><!--StartFragment --><\/p>\n<p><!--StartFragment --><\/p>\n<p><!--StartFragment --><\/p>\n<p><!--StartFragment --><\/p>\n<p><!--StartFragment --><\/p>\n<p><!--StartFragment --><\/p>\n<p><!--StartFragment --><\/p>\n<p><!--StartFragment --><\/p>\n<p><!--StartFragment --><\/p>\n<p><!--StartFragment --><\/p>\n<p><!--StartFragment --><\/p>\n<p><!--StartFragment --><\/p>\n<p><!--StartFragment --><\/p>\n<p><!--StartFragment --><\/p>\n<p><!--StartFragment --><\/p>\n<p><!--StartFragment --><\/p>\n<p><!--StartFragment --><\/p>\n<p><!--StartFragment --><\/p>\n<p><!--StartFragment --><\/p>\n<p><!--StartFragment --><\/p>\n<p><!--StartFragment --><\/p>\n<p><!--StartFragment --><\/p>\n<p><!--StartFragment --><\/p>\n<p>Ta koszulka to idealny wyb\u00f3r dla os\u00f3b, kt\u00f3re chc\u0105 podarowa\u0107 swojej ukochanej co\u015b uroczego, lekkiego i pe\u0142nego walentynkowego klimatu. Ilustracja przedstawia <strong>dwa urocze anio\u0142ki<\/strong>, kt\u00f3re wygl\u0105daj\u0105 jak mali stra\u017cnicy mi\u0142o\u015bci, a ca\u0142o\u015b\u0107 dope\u0142nia napis <strong>\u201ethe cutest girlfriend ever\u201d<\/strong> \u2014 prosty, szczery i absolutnie rozczulaj\u0105cy. To projekt, kt\u00f3ry wywo\u0142a u\u015bmiech od razu po rozpakowaniu.<\/p>\n<p>\u2764\ufe0f Dlaczego warto?<\/p>\n<ul>\n<li><strong>Urocza ilustracja dw\u00f3ch anio\u0142k\u00f3w<\/strong> \u2013 delikatna, romantyczna i idealna na walentynki<\/li>\n<li><strong>Komplement w formie nadruku<\/strong> \u2013 \u201ethe cutest girlfriend ever\u201d to s\u0142odki, bezpo\u015bredni przekaz, kt\u00f3ry ka\u017cda dziewczyna doceni<\/li>\n<li><strong>Wysoka jako\u015b\u0107 nadruku<\/strong> \u2013 trwa\u0142y, odporny na pranie, zachowuje detale i kolory<\/li>\n<li><strong>Wysoka jako\u015b\u0107 wykonania <\/strong>\u2013 trwa\u0142y nadruk odporny na pranie, 100% bawe\u0142na, gramatura: 190 g\/m\u00b2<\/li>\n<li><strong>Unisex i uniwersalny kr\u00f3j<\/strong> \u2013 dost\u0119pna w rozmiarach XS\u2013XXXL<\/li>\n<li><strong>\u015awietny prezent walentynkowy<\/strong> \u2013 romantyczny, lekki i pe\u0142en uroku<\/li>\n<\/ul>\n<p><img decoding=\"async\" src=\"https:\/\/pik-mi.pl\/wp-content\/uploads\/2025\/10\/rozmiarowka-koszulki-regular.webp\" alt=\"rozmiarowka\" \/><br \/>\n<!--EndFragment --><\/p>\n","protected":false},"featured_media":3989,"comment_status":"open","ping_status":"closed","template":"","meta":{"jetpack_publicize_message":"","jetpack_publicize_feature_enabled":true,"jetpack_social_post_already_shared":true,"jetpack_social_options":{"image_generator_settings":{"template":"highway","default_image_id":0,"font":"","enabled":false},"version":2}},"product_brand":[],"product_cat":[56,73],"product_tag":[],"class_list":{"0":"post-4053","1":"product","2":"type-product","3":"status-publish","4":"has-post-thumbnail","6":"product_cat-koszulki","7":"product_cat-walentynki","9":"first","10":"instock","11":"shipping-taxable","12":"purchasable","13":"product-type-variable","14":"has-default-attributes"},"jetpack_publicize_connections":[],"_links":{"self":[{"href":"https:\/\/pik-mi.pl\/index.php?rest_route=\/wp\/v2\/product\/4053","targetHints":{"allow":["GET"]}}],"collection":[{"href":"https:\/\/pik-mi.pl\/index.php?rest_route=\/wp\/v2\/product"}],"about":[{"href":"https:\/\/pik-mi.pl\/index.php?rest_route=\/wp\/v2\/types\/product"}],"replies":[{"embeddable":true,"href":"https:\/\/pik-mi.pl\/index.php?rest_route=%2Fwp%2Fv2%2Fcomments&post=4053"}],"wp:featuredmedia":[{"embeddable":true,"href":"https:\/\/pik-mi.pl\/index.php?rest_route=\/wp\/v2\/media\/3989"}],"wp:attachment":[{"href":"https:\/\/pik-mi.pl\/index.php?rest_route=%2Fwp%2Fv2%2Fmedia&parent=4053"}],"wp:term":[{"taxonomy":"product_brand","embeddable":true,"href":"https:\/\/pik-mi.pl\/index.php?rest_route=%2Fwp%2Fv2%2Fproduct_brand&post=4053"},{"taxonomy":"product_cat","embeddable":true,"href":"https:\/\/pik-mi.pl\/index.php?rest_route=%2Fwp%2Fv2%2Fproduct_cat&post=4053"},{"taxonomy":"product_tag","embeddable":true,"href":"https:\/\/pik-mi.pl\/index.php?rest_route=%2Fwp%2Fv2%2Fproduct_tag&post=4053"}],"curies":[{"name":"wp","href":"https:\/\/api.w.org\/{rel}","templated":true}]}}