{"id":4037,"date":"2026-01-25T19:49:01","date_gmt":"2026-01-25T18:49:01","guid":{"rendered":"https:\/\/pik-mi.pl\/?post_type=product&#038;p=4037"},"modified":"2026-01-25T19:51:12","modified_gmt":"2026-01-25T18:51:12","slug":"to-nasza-wspolna-decyzja-kolor-bialy","status":"publish","type":"product","link":"https:\/\/pik-mi.pl\/?product=to-nasza-wspolna-decyzja-kolor-bialy","title":{"rendered":"To nasza wsp\u00f3lna decyzja, kolor bia\u0142y"},"content":{"rendered":"","protected":false},"excerpt":{"rendered":"<p><!--StartFragment --><\/p>\n<p><!--StartFragment --><\/p>\n<p><!--StartFragment --><\/p>\n<p><!--StartFragment --><\/p>\n<p><!--StartFragment --><\/p>\n<p><!--StartFragment --><\/p>\n<p><!--StartFragment --><\/p>\n<p><!--StartFragment --><\/p>\n<p><!--StartFragment --><\/p>\n<p><!--StartFragment --><\/p>\n<p><!--StartFragment --><\/p>\n<p><!--StartFragment --><\/p>\n<p><!--StartFragment --><\/p>\n<p><!--StartFragment --><\/p>\n<p><!--StartFragment --><\/p>\n<p><!--StartFragment --><\/p>\n<p><!--StartFragment --><\/p>\n<p><!--StartFragment --><\/p>\n<p><!--StartFragment --><\/p>\n<p><!--StartFragment --><\/p>\n<p><!--StartFragment --><\/p>\n<p><!--StartFragment --><\/p>\n<p><!--StartFragment --><\/p>\n<p><!--StartFragment --><\/p>\n<p><!--StartFragment --><\/p>\n<p>Ta koszulka to idealny wyb\u00f3r dla par, kt\u00f3re kochaj\u0105 \u017cartowa\u0107 z codziennych sytuacji i maj\u0105 do siebie ogromny dystans. Minimalistyczny, wyrazisty napis <strong>\u201eTo by\u0142a nasza wsp\u00f3lna decyzja\u201d<\/strong> tworzy przewrotny, walentynkowy komunikat, kt\u00f3ry mo\u017cna odczyta\u0107 na wiele sposob\u00f3w \u2014 od lekkiego przekomarzania po subtelny inside joke. To projekt, kt\u00f3ry \u015bwietnie sprawdzi si\u0119 jako prezent dla partnera lub partnerki, zw\u0142aszcza je\u015bli w Waszym zwi\u0105zku kr\u00f3luje ironia i wsp\u00f3lne poczucie humoru.<\/p>\n<p>\u2764\ufe0f Dlaczego warto?<\/p>\n<ul>\n<li><strong>Wyrazisty, humorystyczny napis<\/strong> \u2013 idealny dla par, kt\u00f3re lubi\u0105 \u017cartowa\u0107 i dzieli\u0107 si\u0119 wsp\u00f3lnymi \u201edecyzjami\u201d<\/li>\n<li><strong>Uniwersalny, minimalistyczny design<\/strong> \u2013 pasuje do ka\u017cdej styl\u00f3wki, od casualu po streetwear<\/li>\n<li><strong>Wysoka jako\u015b\u0107 nadruku<\/strong> \u2013 trwa\u0142y, odporny na pranie, zachowuje intensywno\u015b\u0107 koloru<\/li>\n<li><strong>Wysoka jako\u015b\u0107 wykonania <\/strong>\u2013 trwa\u0142y nadruk odporny na pranie, 100% bawe\u0142na, gramatura: 190 g\/m\u00b2<\/li>\n<li><strong>Unisex i uniwersalny kr\u00f3j<\/strong> \u2013 dost\u0119pna w rozmiarach XS\u2013XXXL<\/li>\n<li><strong>\u015awietny prezent walentynkowy<\/strong> \u2013 zabawny, lekki i trafiaj\u0105cy w klimat wsp\u00f3\u0142czesnych relacji<\/li>\n<\/ul>\n<p>&nbsp;<\/p>\n<p><img decoding=\"async\" src=\"https:\/\/pik-mi.pl\/wp-content\/uploads\/2025\/10\/rozmiarowka-koszulki-regular.webp\" alt=\"rozmiarowka\" \/><br \/>\n<!--EndFragment --><\/p>\n","protected":false},"featured_media":3994,"comment_status":"open","ping_status":"closed","template":"","meta":{"jetpack_publicize_message":"","jetpack_publicize_feature_enabled":true,"jetpack_social_post_already_shared":true,"jetpack_social_options":{"image_generator_settings":{"template":"highway","default_image_id":0,"font":"","enabled":false},"version":2}},"product_brand":[],"product_cat":[56,73],"product_tag":[],"class_list":{"0":"post-4037","1":"product","2":"type-product","3":"status-publish","4":"has-post-thumbnail","6":"product_cat-koszulki","7":"product_cat-walentynki","9":"first","10":"instock","11":"shipping-taxable","12":"purchasable","13":"product-type-variable","14":"has-default-attributes"},"jetpack_publicize_connections":[],"_links":{"self":[{"href":"https:\/\/pik-mi.pl\/index.php?rest_route=\/wp\/v2\/product\/4037","targetHints":{"allow":["GET"]}}],"collection":[{"href":"https:\/\/pik-mi.pl\/index.php?rest_route=\/wp\/v2\/product"}],"about":[{"href":"https:\/\/pik-mi.pl\/index.php?rest_route=\/wp\/v2\/types\/product"}],"replies":[{"embeddable":true,"href":"https:\/\/pik-mi.pl\/index.php?rest_route=%2Fwp%2Fv2%2Fcomments&post=4037"}],"wp:featuredmedia":[{"embeddable":true,"href":"https:\/\/pik-mi.pl\/index.php?rest_route=\/wp\/v2\/media\/3994"}],"wp:attachment":[{"href":"https:\/\/pik-mi.pl\/index.php?rest_route=%2Fwp%2Fv2%2Fmedia&parent=4037"}],"wp:term":[{"taxonomy":"product_brand","embeddable":true,"href":"https:\/\/pik-mi.pl\/index.php?rest_route=%2Fwp%2Fv2%2Fproduct_brand&post=4037"},{"taxonomy":"product_cat","embeddable":true,"href":"https:\/\/pik-mi.pl\/index.php?rest_route=%2Fwp%2Fv2%2Fproduct_cat&post=4037"},{"taxonomy":"product_tag","embeddable":true,"href":"https:\/\/pik-mi.pl\/index.php?rest_route=%2Fwp%2Fv2%2Fproduct_tag&post=4037"}],"curies":[{"name":"wp","href":"https:\/\/api.w.org\/{rel}","templated":true}]}}