{"id":3980,"date":"2026-01-25T19:39:24","date_gmt":"2026-01-25T18:39:24","guid":{"rendered":"https:\/\/pik-mi.pl\/?post_type=product&#038;p=3980"},"modified":"2026-01-25T19:43:08","modified_gmt":"2026-01-25T18:43:08","slug":"juz-ustrzelona-kolor-bialy","status":"publish","type":"product","link":"https:\/\/pik-mi.pl\/?product=juz-ustrzelona-kolor-bialy","title":{"rendered":"Ju\u017c ustrzelona, kolor bia\u0142y"},"content":{"rendered":"","protected":false},"excerpt":{"rendered":"<p><!--StartFragment --><\/p>\n<p><!--StartFragment --><\/p>\n<p><!--StartFragment --><\/p>\n<p><!--StartFragment --><\/p>\n<p><!--StartFragment --><\/p>\n<p><!--StartFragment --><\/p>\n<p><!--StartFragment --><\/p>\n<p><!--StartFragment --><\/p>\n<p><!--StartFragment --><\/p>\n<p><!--StartFragment --><\/p>\n<p><!--StartFragment --><\/p>\n<p><!--StartFragment --><\/p>\n<p><!--StartFragment --><\/p>\n<p><!--StartFragment --><\/p>\n<p><!--StartFragment --><\/p>\n<p><!--StartFragment --><\/p>\n<p><!--StartFragment --><\/p>\n<p><!--StartFragment --><\/p>\n<p><!--StartFragment --><\/p>\n<p><!--StartFragment --><\/p>\n<p><!--StartFragment --><\/p>\n<p><!--StartFragment --><\/p>\n<p><!--StartFragment --><\/p>\n<p>Ta koszulka to idealny wyb\u00f3r dla os\u00f3b, kt\u00f3re lubi\u0105 walentynkowe motywy podane z humorem i lekkim pazurem. Ilustracja przedstawia <strong>uroczego anio\u0142ka\u2011kupidyna<\/strong>, kt\u00f3ry zamiast klasycznego \u0142uku trzyma\u2026 pistolet, a ca\u0142o\u015b\u0107 dope\u0142nia napis <strong>\u201eju\u017c ustrzelona\u201d<\/strong>. To projekt, kt\u00f3ry bawi, zaskakuje i \u015bwietnie sprawdza si\u0119 jako prezent dla partnerki \u2014 szczeg\u00f3lnie je\u015bli w Waszym zwi\u0105zku kr\u00f3luje \u017cartobliwe przekomarzanie.<\/p>\n<p>\u2764\ufe0f Dlaczego warto?<\/p>\n<ul>\n<li><strong>Oryginalna ilustracja kupidyna<\/strong> \u2013 s\u0142odki, ale zadziorny twist na klasyczny walentynkowy motyw<\/li>\n<li><strong>Zabawny napis \u201eju\u017c ustrzelona\u201d<\/strong> \u2013 idealny dla zakochanych z poczuciem humoru<\/li>\n<li><strong>Wysoka jako\u015b\u0107 nadruku<\/strong> \u2013 trwa\u0142y, odporny na pranie, zachowuje detale rysunku<\/li>\n<li><strong>Wysoka jako\u015b\u0107 wykonania <\/strong>\u2013 trwa\u0142y nadruk odporny na pranie, 100% bawe\u0142na, gramatura: 190 g\/m\u00b2<\/li>\n<li><strong>Unisex i uniwersalny kr\u00f3j<\/strong> \u2013 dost\u0119pna w rozmiarach XS\u2013XXXL<\/li>\n<li><strong>\u015awietny prezent walentynkowy<\/strong><\/li>\n<\/ul>\n<p>&nbsp;<\/p>\n<p><img decoding=\"async\" src=\"https:\/\/pik-mi.pl\/wp-content\/uploads\/2025\/10\/rozmiarowka-koszulki-regular.webp\" alt=\"rozmiarowka\" \/><br \/>\n<!--EndFragment --><\/p>\n","protected":false},"featured_media":3990,"comment_status":"open","ping_status":"closed","template":"","meta":{"jetpack_publicize_message":"","jetpack_publicize_feature_enabled":true,"jetpack_social_post_already_shared":true,"jetpack_social_options":{"image_generator_settings":{"template":"highway","default_image_id":0,"font":"","enabled":false},"version":2}},"product_brand":[],"product_cat":[56,73],"product_tag":[],"class_list":{"0":"post-3980","1":"product","2":"type-product","3":"status-publish","4":"has-post-thumbnail","6":"product_cat-koszulki","7":"product_cat-walentynki","9":"first","10":"instock","11":"shipping-taxable","12":"purchasable","13":"product-type-variable","14":"has-default-attributes"},"jetpack_publicize_connections":[],"_links":{"self":[{"href":"https:\/\/pik-mi.pl\/index.php?rest_route=\/wp\/v2\/product\/3980","targetHints":{"allow":["GET"]}}],"collection":[{"href":"https:\/\/pik-mi.pl\/index.php?rest_route=\/wp\/v2\/product"}],"about":[{"href":"https:\/\/pik-mi.pl\/index.php?rest_route=\/wp\/v2\/types\/product"}],"replies":[{"embeddable":true,"href":"https:\/\/pik-mi.pl\/index.php?rest_route=%2Fwp%2Fv2%2Fcomments&post=3980"}],"wp:featuredmedia":[{"embeddable":true,"href":"https:\/\/pik-mi.pl\/index.php?rest_route=\/wp\/v2\/media\/3990"}],"wp:attachment":[{"href":"https:\/\/pik-mi.pl\/index.php?rest_route=%2Fwp%2Fv2%2Fmedia&parent=3980"}],"wp:term":[{"taxonomy":"product_brand","embeddable":true,"href":"https:\/\/pik-mi.pl\/index.php?rest_route=%2Fwp%2Fv2%2Fproduct_brand&post=3980"},{"taxonomy":"product_cat","embeddable":true,"href":"https:\/\/pik-mi.pl\/index.php?rest_route=%2Fwp%2Fv2%2Fproduct_cat&post=3980"},{"taxonomy":"product_tag","embeddable":true,"href":"https:\/\/pik-mi.pl\/index.php?rest_route=%2Fwp%2Fv2%2Fproduct_tag&post=3980"}],"curies":[{"name":"wp","href":"https:\/\/api.w.org\/{rel}","templated":true}]}}