{"id":3941,"date":"2026-01-21T08:09:40","date_gmt":"2026-01-21T07:09:40","guid":{"rendered":"https:\/\/pik-mi.pl\/?post_type=product&#038;p=3941"},"modified":"2026-01-21T08:10:31","modified_gmt":"2026-01-21T07:10:31","slug":"serce-nie-sluga-kolor-czarny","status":"publish","type":"product","link":"https:\/\/pik-mi.pl\/?product=serce-nie-sluga-kolor-czarny","title":{"rendered":"Serce nie s\u0142uga, kolor czarny"},"content":{"rendered":"","protected":false},"excerpt":{"rendered":"<p><!--StartFragment --><\/p>\n<p><!--StartFragment --><\/p>\n<p><!--StartFragment --><\/p>\n<p><!--StartFragment --><\/p>\n<p><!--StartFragment --><\/p>\n<p><!--StartFragment --><\/p>\n<p><!--StartFragment --><\/p>\n<p><!--StartFragment --><\/p>\n<p><!--StartFragment --><\/p>\n<p><!--StartFragment --><\/p>\n<p><!--StartFragment --><\/p>\n<p><!--StartFragment --><\/p>\n<p><!--StartFragment --><\/p>\n<p><!--StartFragment --><\/p>\n<p><!--StartFragment --><\/p>\n<p><!--StartFragment --><\/p>\n<p><!--StartFragment --><\/p>\n<p><!--StartFragment --><\/p>\n<p><!--StartFragment --><\/p>\n<p><!--StartFragment --><\/p>\n<p><!--StartFragment --><\/p>\n<p><!--StartFragment --><\/p>\n<p>Ten projekt to idealne po\u0142\u0105czenie romantycznego vibe\u2019u i \u017cartobliwej, codziennej szczero\u015bci. Ilustracja przedstawia <strong>urocze serce<\/strong>, a ca\u0142o\u015b\u0107 dope\u0142nia przewrotny napis: <strong>\u201eserce nie s\u0142uga \u2013 ale Ty kanapk\u0119 mo\u017cesz zrobi\u0107\u201d<\/strong>. To koszulka, kt\u00f3ra rozbawi, rozczuli i \u015bwietnie sprawdzi si\u0119 jako prezent dla partnera lub partnerki \u2014 szczeg\u00f3lnie je\u015bli w Waszym zwi\u0105zku kr\u00f3luje humor i lekkie przekomarzanie.<\/p>\n<p><strong>\u2764\ufe0f Dlaczego warto?<\/strong><\/p>\n<ul>\n<li><strong>Urocza ilustracja serca<\/strong> \u2013 estetyczna, przyci\u0105gaj\u0105ca wzrok i pe\u0142na charakteru<\/li>\n<li><strong>Zabawny, przewrotny tekst<\/strong> \u2013 idealny dla par, kt\u00f3re lubi\u0105 \u017cartowa\u0107 i puszcza\u0107 do siebie oko<\/li>\n<li><strong>Wysoka jako\u015b\u0107 wykonania <\/strong>\u2013 trwa\u0142y nadruk odporny na pranie, 100% bawe\u0142na, gramatura: 190 g\/m\u00b2<\/li>\n<li><strong>Mi\u0119kka, wygodna bawe\u0142na<\/strong> \u2013 \u015bwietna do codziennego noszenia<\/li>\n<li><strong>Unisex i uniwersalny kr\u00f3j<\/strong> \u2013 dost\u0119pna w rozmiarach S\u2013XXXL<\/li>\n<li><strong>Idealna na prezent<\/strong> \u2013 na walentynki, rocznic\u0119, urodziny lub po prostu \u201ebo tak\u201d<\/li>\n<\/ul>\n<p><img decoding=\"async\" src=\"https:\/\/pik-mi.pl\/wp-content\/uploads\/2025\/10\/rozmiarowka-koszulki-regular.webp\" alt=\"rozmiarowka\" \/><br \/>\n<!--EndFragment --><\/p>\n","protected":false},"featured_media":3876,"comment_status":"open","ping_status":"closed","template":"","meta":{"jetpack_publicize_message":"","jetpack_publicize_feature_enabled":true,"jetpack_social_post_already_shared":true,"jetpack_social_options":{"image_generator_settings":{"template":"highway","default_image_id":0,"font":"","enabled":false},"version":2}},"product_brand":[],"product_cat":[56,73],"product_tag":[],"class_list":{"0":"post-3941","1":"product","2":"type-product","3":"status-publish","4":"has-post-thumbnail","6":"product_cat-koszulki","7":"product_cat-walentynki","9":"first","10":"instock","11":"shipping-taxable","12":"purchasable","13":"product-type-variable","14":"has-default-attributes"},"jetpack_publicize_connections":[],"_links":{"self":[{"href":"https:\/\/pik-mi.pl\/index.php?rest_route=\/wp\/v2\/product\/3941","targetHints":{"allow":["GET"]}}],"collection":[{"href":"https:\/\/pik-mi.pl\/index.php?rest_route=\/wp\/v2\/product"}],"about":[{"href":"https:\/\/pik-mi.pl\/index.php?rest_route=\/wp\/v2\/types\/product"}],"replies":[{"embeddable":true,"href":"https:\/\/pik-mi.pl\/index.php?rest_route=%2Fwp%2Fv2%2Fcomments&post=3941"}],"wp:featuredmedia":[{"embeddable":true,"href":"https:\/\/pik-mi.pl\/index.php?rest_route=\/wp\/v2\/media\/3876"}],"wp:attachment":[{"href":"https:\/\/pik-mi.pl\/index.php?rest_route=%2Fwp%2Fv2%2Fmedia&parent=3941"}],"wp:term":[{"taxonomy":"product_brand","embeddable":true,"href":"https:\/\/pik-mi.pl\/index.php?rest_route=%2Fwp%2Fv2%2Fproduct_brand&post=3941"},{"taxonomy":"product_cat","embeddable":true,"href":"https:\/\/pik-mi.pl\/index.php?rest_route=%2Fwp%2Fv2%2Fproduct_cat&post=3941"},{"taxonomy":"product_tag","embeddable":true,"href":"https:\/\/pik-mi.pl\/index.php?rest_route=%2Fwp%2Fv2%2Fproduct_tag&post=3941"}],"curies":[{"name":"wp","href":"https:\/\/api.w.org\/{rel}","templated":true}]}}