{"id":3909,"date":"2026-01-21T08:04:29","date_gmt":"2026-01-21T07:04:29","guid":{"rendered":"https:\/\/pik-mi.pl\/?post_type=product&#038;p=3909"},"modified":"2026-01-21T08:07:53","modified_gmt":"2026-01-21T07:07:53","slug":"till-your-death-kolor-czarny","status":"publish","type":"product","link":"https:\/\/pik-mi.pl\/?product=till-your-death-kolor-czarny","title":{"rendered":"Till your death, kolor czarny"},"content":{"rendered":"","protected":false},"excerpt":{"rendered":"<p><!--StartFragment --><\/p>\n<p><!--StartFragment --><\/p>\n<p><!--StartFragment --><\/p>\n<p><!--StartFragment --><\/p>\n<p><!--StartFragment --><\/p>\n<p><!--StartFragment --><\/p>\n<p><!--StartFragment --><\/p>\n<p><!--StartFragment --><\/p>\n<p><!--StartFragment --><\/p>\n<p><!--StartFragment --><\/p>\n<p><!--StartFragment --><\/p>\n<p><!--StartFragment --><\/p>\n<p><!--StartFragment --><\/p>\n<p><!--StartFragment --><\/p>\n<p><!--StartFragment --><\/p>\n<p><!--StartFragment --><\/p>\n<p><!--StartFragment --><\/p>\n<p><!--StartFragment --><\/p>\n<p><!--StartFragment --><\/p>\n<p><!--StartFragment --><\/p>\n<p><!--StartFragment --><\/p>\n<p><!--StartFragment --><\/p>\n<p>Ta koszulka to idealny wyb\u00f3r dla os\u00f3b, kt\u00f3re kochaj\u0105 alternatywny styl i symboliczne, nieoczywiste grafiki. Ilustracja przedstawia <strong>serce z ko\u015bciotrupem spoczywaj\u0105cym w trumnie<\/strong>, tworz\u0105c mocny motyw, kt\u00f3ry \u0142\u0105czy romantyzm z mroczn\u0105 estetyk\u0105. Ca\u0142o\u015b\u0107 dope\u0142nia napis <strong>\u201etill your death\u201d<\/strong>, nadaj\u0105cy projektowi intensywny, emocjonalny charakter. To koszulka, kt\u00f3ra wyr\u00f3\u017cnia si\u0119 na ulicy i \u015bwietnie wpisuje si\u0119 w klimat dark romance i tattoo\u2011style.<\/p>\n<p><strong>\ud83d\udda4 Dlaczego warto?<\/strong><\/p>\n<ul>\n<li><strong>Unikatowa ilustracja<\/strong> \u2013 serce, ko\u015bciotrup i trumna tworz\u0105 symboliczny, artystyczny motyw<\/li>\n<li><strong>Mocny napis \u201etill your death\u201d<\/strong> \u2013 idealny dla fan\u00f3w mrocznej estetyki i alternatywnego stylu<\/li>\n<li><strong>Wysoka jako\u015b\u0107 wykonania <\/strong>\u2013 trwa\u0142y nadruk odporny na pranie, 100% bawe\u0142na, gramatura: 190 g\/m\u00b2<\/li>\n<li><strong>Mi\u0119kka, wygodna bawe\u0142na<\/strong> \u2013 komfortowa na co dzie\u0144<\/li>\n<li><strong>Unisex i uniwersalny kr\u00f3j<\/strong> \u2013 dost\u0119pna w rozmiarach S\u2013XXXL<\/li>\n<li><strong>\u015awietna na prezent<\/strong> \u2013 dla fan\u00f3w tatua\u017cy, rocka i estetyki \u201elove till death\u201d<\/li>\n<\/ul>\n<p><img decoding=\"async\" src=\"https:\/\/pik-mi.pl\/wp-content\/uploads\/2025\/10\/rozmiarowka-koszulki-regular.webp\" alt=\"rozmiarowka\" \/><br \/>\n<!--EndFragment --><\/p>\n","protected":false},"featured_media":3877,"comment_status":"open","ping_status":"closed","template":"","meta":{"jetpack_publicize_message":"","jetpack_publicize_feature_enabled":true,"jetpack_social_post_already_shared":true,"jetpack_social_options":{"image_generator_settings":{"template":"highway","default_image_id":0,"font":"","enabled":false},"version":2}},"product_brand":[],"product_cat":[56,73],"product_tag":[],"class_list":{"0":"post-3909","1":"product","2":"type-product","3":"status-publish","4":"has-post-thumbnail","6":"product_cat-koszulki","7":"product_cat-walentynki","9":"first","10":"instock","11":"shipping-taxable","12":"purchasable","13":"product-type-variable","14":"has-default-attributes"},"jetpack_publicize_connections":[],"_links":{"self":[{"href":"https:\/\/pik-mi.pl\/index.php?rest_route=\/wp\/v2\/product\/3909","targetHints":{"allow":["GET"]}}],"collection":[{"href":"https:\/\/pik-mi.pl\/index.php?rest_route=\/wp\/v2\/product"}],"about":[{"href":"https:\/\/pik-mi.pl\/index.php?rest_route=\/wp\/v2\/types\/product"}],"replies":[{"embeddable":true,"href":"https:\/\/pik-mi.pl\/index.php?rest_route=%2Fwp%2Fv2%2Fcomments&post=3909"}],"wp:featuredmedia":[{"embeddable":true,"href":"https:\/\/pik-mi.pl\/index.php?rest_route=\/wp\/v2\/media\/3877"}],"wp:attachment":[{"href":"https:\/\/pik-mi.pl\/index.php?rest_route=%2Fwp%2Fv2%2Fmedia&parent=3909"}],"wp:term":[{"taxonomy":"product_brand","embeddable":true,"href":"https:\/\/pik-mi.pl\/index.php?rest_route=%2Fwp%2Fv2%2Fproduct_brand&post=3909"},{"taxonomy":"product_cat","embeddable":true,"href":"https:\/\/pik-mi.pl\/index.php?rest_route=%2Fwp%2Fv2%2Fproduct_cat&post=3909"},{"taxonomy":"product_tag","embeddable":true,"href":"https:\/\/pik-mi.pl\/index.php?rest_route=%2Fwp%2Fv2%2Fproduct_tag&post=3909"}],"curies":[{"name":"wp","href":"https:\/\/api.w.org\/{rel}","templated":true}]}}