{"id":3892,"date":"2026-01-21T08:02:57","date_gmt":"2026-01-21T07:02:57","guid":{"rendered":"https:\/\/pik-mi.pl\/?post_type=product&#038;p=3892"},"modified":"2026-01-21T08:12:43","modified_gmt":"2026-01-21T07:12:43","slug":"chce-miec-z-toba-kociecko-kolor-czarny","status":"publish","type":"product","link":"https:\/\/pik-mi.pl\/?product=chce-miec-z-toba-kociecko-kolor-czarny","title":{"rendered":"Chc\u0119 mie\u0107 z Tob\u0105 kociecko, kolor czarny"},"content":{"rendered":"","protected":false},"excerpt":{"rendered":"<p><!--StartFragment --><\/p>\n<p><!--StartFragment --><\/p>\n<p><!--StartFragment --><\/p>\n<p><!--StartFragment --><\/p>\n<p><!--StartFragment --><\/p>\n<p><!--StartFragment --><\/p>\n<p><!--StartFragment --><\/p>\n<p><!--StartFragment --><\/p>\n<p><!--StartFragment --><\/p>\n<p><!--StartFragment --><\/p>\n<p><!--StartFragment --><\/p>\n<p><!--StartFragment --><\/p>\n<p><!--StartFragment --><\/p>\n<p><!--StartFragment --><\/p>\n<p><!--StartFragment --><\/p>\n<p><!--StartFragment --><\/p>\n<p><!--StartFragment --><\/p>\n<p><!--StartFragment --><\/p>\n<p><!--StartFragment --><\/p>\n<p><!--StartFragment --><\/p>\n<p><!--StartFragment --><\/p>\n<p><!--StartFragment --><\/p>\n<p>Ta koszulka to s\u0142odka, humorystyczna propozycja dla wszystkich, kt\u00f3rzy kochaj\u0105 koty i\u2026 subtelne aluzje. Urocza ilustracja kotka po\u0142\u0105czona z napisem <strong>\u201echc\u0119 mie\u0107 z Tob\u0105 kociecko\u201d<\/strong> tworzy projekt, kt\u00f3ry rozczula, bawi i idealnie nadaje si\u0119 jako prezent dla partnera lub partnerki. To \u015bwietny spos\u00f3b, by powiedzie\u0107 co\u015b wi\u0119cej \u2014 w lekkiej, \u017cartobliwej formie.<\/p>\n<p><strong>\u2764\ufe0f Dlaczego warto?<\/strong><\/p>\n<ul>\n<li><strong>Urocza grafika kotka<\/strong> \u2013 idealna dla mi\u0142o\u015bnik\u00f3w mrucz\u0105cych futrzak\u00f3w<\/li>\n<li><strong>Zabawna gra s\u0142\u00f3w<\/strong> \u2013 \u201ekociecko\u201d to hit, kt\u00f3ry wywo\u0142uje u\u015bmiech od razu<\/li>\n<li><strong>Wysoka jako\u015b\u0107 wykonania <\/strong>\u2013 trwa\u0142y nadruk odporny na pranie, 100% bawe\u0142na, gramatura: 190 g\/m\u00b2<\/li>\n<li><strong>Mi\u0119kka, wygodna bawe\u0142na<\/strong> \u2013 \u015bwietna do codziennego noszenia<\/li>\n<li><strong>Unisex i uniwersalny kr\u00f3j<\/strong> \u2013 dost\u0119pna w rozmiarach S\u2013XXXL<\/li>\n<li><strong>Idealna na prezent<\/strong><\/li>\n<\/ul>\n<p><img decoding=\"async\" src=\"https:\/\/pik-mi.pl\/wp-content\/uploads\/2025\/10\/rozmiarowka-koszulki-regular.webp\" alt=\"rozmiarowka\" \/><br \/>\n<!--EndFragment --><\/p>\n","protected":false},"featured_media":3883,"comment_status":"open","ping_status":"closed","template":"","meta":{"jetpack_publicize_message":"","jetpack_publicize_feature_enabled":true,"jetpack_social_post_already_shared":true,"jetpack_social_options":{"image_generator_settings":{"template":"highway","default_image_id":0,"font":"","enabled":false},"version":2}},"product_brand":[],"product_cat":[56,73,61],"product_tag":[],"class_list":{"0":"post-3892","1":"product","2":"type-product","3":"status-publish","4":"has-post-thumbnail","6":"product_cat-koszulki","7":"product_cat-walentynki","8":"product_cat-zwierzaki","10":"first","11":"instock","12":"shipping-taxable","13":"purchasable","14":"product-type-variable","15":"has-default-attributes"},"jetpack_publicize_connections":[],"_links":{"self":[{"href":"https:\/\/pik-mi.pl\/index.php?rest_route=\/wp\/v2\/product\/3892","targetHints":{"allow":["GET"]}}],"collection":[{"href":"https:\/\/pik-mi.pl\/index.php?rest_route=\/wp\/v2\/product"}],"about":[{"href":"https:\/\/pik-mi.pl\/index.php?rest_route=\/wp\/v2\/types\/product"}],"replies":[{"embeddable":true,"href":"https:\/\/pik-mi.pl\/index.php?rest_route=%2Fwp%2Fv2%2Fcomments&post=3892"}],"wp:featuredmedia":[{"embeddable":true,"href":"https:\/\/pik-mi.pl\/index.php?rest_route=\/wp\/v2\/media\/3883"}],"wp:attachment":[{"href":"https:\/\/pik-mi.pl\/index.php?rest_route=%2Fwp%2Fv2%2Fmedia&parent=3892"}],"wp:term":[{"taxonomy":"product_brand","embeddable":true,"href":"https:\/\/pik-mi.pl\/index.php?rest_route=%2Fwp%2Fv2%2Fproduct_brand&post=3892"},{"taxonomy":"product_cat","embeddable":true,"href":"https:\/\/pik-mi.pl\/index.php?rest_route=%2Fwp%2Fv2%2Fproduct_cat&post=3892"},{"taxonomy":"product_tag","embeddable":true,"href":"https:\/\/pik-mi.pl\/index.php?rest_route=%2Fwp%2Fv2%2Fproduct_tag&post=3892"}],"curies":[{"name":"wp","href":"https:\/\/api.w.org\/{rel}","templated":true}]}}