{"id":3651,"date":"2026-01-05T19:50:24","date_gmt":"2026-01-05T18:50:24","guid":{"rendered":"https:\/\/pik-mi.pl\/?post_type=product&#038;p=3651"},"modified":"2026-01-13T20:43:00","modified_gmt":"2026-01-13T19:43:00","slug":"kazdy-dziadek-torba-na-zakupy-2","status":"publish","type":"product","link":"https:\/\/pik-mi.pl\/?product=kazdy-dziadek-torba-na-zakupy-2","title":{"rendered":"Najlepsza Bapsia, torba na zakupy"},"content":{"rendered":"","protected":false},"excerpt":{"rendered":"<p><!--StartFragment --><\/p>\n<p><!--StartFragment --><\/p>\n<p><!--StartFragment --><\/p>\n<p><!--StartFragment --><\/p>\n<p><!--StartFragment --><\/p>\n<p><!--StartFragment --><\/p>\n<p><!--StartFragment --><\/p>\n<p><!--StartFragment --><\/p>\n<p><!--StartFragment --><\/p>\n<p><!--StartFragment --><\/p>\n<p><!--StartFragment --><\/p>\n<p><!--StartFragment --><\/p>\n<p><!--StartFragment --><\/p>\n<p><!--StartFragment --><\/p>\n<p><!--StartFragment --><\/p>\n<p><!--StartFragment --><\/p>\n<p><!--StartFragment --><\/p>\n<p><!--StartFragment --><\/p>\n<p><!--StartFragment --><\/p>\n<p><!--StartFragment --><\/p>\n<p><!--StartFragment --><\/p>\n<p><!--StartFragment --><\/p>\n<p>Szukasz prezentu, kt\u00f3ry wywo\u0142a u\u015bmiech, wzruszenie i dum\u0119? Ta torba to strza\u0142 w dziesi\u0105tk\u0119! Uroczy rysunek pieska oraz napis \u201eNajlepsza Bapsia\u201d tworz\u0105 ciep\u0142y, pe\u0142en mi\u0142o\u015bci projekt, kt\u00f3ry idealnie oddaje to, jak wa\u017cna jest babcia w \u017cyciu rodziny. To prezent, kt\u00f3ry babcia we\u017amie ze sob\u0105 \u2014 i z pewno\u015bci\u0105 pochwali si\u0119 nim ka\u017cdemu.<\/p>\n<p>\u2764\ufe0f Dlaczego warto?<\/p>\n<ul>\n<li><strong>Uroczy nadruk pieska<\/strong> \u2013 s\u0142odki, ciep\u0142y i idealny dla bab\u0107 kochaj\u0105cych zwierz\u0119ta<\/li>\n<li><strong>Napis \u201eNajlepsza Bapsia\u201d<\/strong> \u2013 zabawny, czu\u0142y i pe\u0142en rodzinnego klimatu<\/li>\n<li><strong>Idealny prezent na Dzie\u0144 Babci<\/strong> \u2013 praktyczny, wzruszaj\u0105cy i pe\u0142en uroku<\/li>\n<\/ul>\n","protected":false},"featured_media":3652,"comment_status":"open","ping_status":"closed","template":"","meta":{"jetpack_publicize_message":"","jetpack_publicize_feature_enabled":true,"jetpack_social_post_already_shared":true,"jetpack_social_options":{"image_generator_settings":{"template":"highway","default_image_id":0,"font":"","enabled":false},"version":2}},"product_brand":[],"product_cat":[72],"product_tag":[],"class_list":{"0":"post-3651","1":"product","2":"type-product","3":"status-publish","4":"has-post-thumbnail","6":"product_cat-torby","8":"first","9":"instock","10":"shipping-taxable","11":"purchasable","12":"product-type-simple"},"jetpack_publicize_connections":[],"_links":{"self":[{"href":"https:\/\/pik-mi.pl\/index.php?rest_route=\/wp\/v2\/product\/3651","targetHints":{"allow":["GET"]}}],"collection":[{"href":"https:\/\/pik-mi.pl\/index.php?rest_route=\/wp\/v2\/product"}],"about":[{"href":"https:\/\/pik-mi.pl\/index.php?rest_route=\/wp\/v2\/types\/product"}],"replies":[{"embeddable":true,"href":"https:\/\/pik-mi.pl\/index.php?rest_route=%2Fwp%2Fv2%2Fcomments&post=3651"}],"wp:featuredmedia":[{"embeddable":true,"href":"https:\/\/pik-mi.pl\/index.php?rest_route=\/wp\/v2\/media\/3652"}],"wp:attachment":[{"href":"https:\/\/pik-mi.pl\/index.php?rest_route=%2Fwp%2Fv2%2Fmedia&parent=3651"}],"wp:term":[{"taxonomy":"product_brand","embeddable":true,"href":"https:\/\/pik-mi.pl\/index.php?rest_route=%2Fwp%2Fv2%2Fproduct_brand&post=3651"},{"taxonomy":"product_cat","embeddable":true,"href":"https:\/\/pik-mi.pl\/index.php?rest_route=%2Fwp%2Fv2%2Fproduct_cat&post=3651"},{"taxonomy":"product_tag","embeddable":true,"href":"https:\/\/pik-mi.pl\/index.php?rest_route=%2Fwp%2Fv2%2Fproduct_tag&post=3651"}],"curies":[{"name":"wp","href":"https:\/\/api.w.org\/{rel}","templated":true}]}}