{"id":3602,"date":"2026-01-05T17:32:40","date_gmt":"2026-01-05T16:32:40","guid":{"rendered":"https:\/\/pik-mi.pl\/?post_type=product&#038;p=3602"},"modified":"2026-01-05T17:33:08","modified_gmt":"2026-01-05T16:33:08","slug":"six-seven-67-kolor-czarny","status":"publish","type":"product","link":"https:\/\/pik-mi.pl\/?product=six-seven-67-kolor-czarny","title":{"rendered":"six\u2011seven 67, kolor czarny"},"content":{"rendered":"","protected":false},"excerpt":{"rendered":"<p><!--StartFragment --><\/p>\n<p><!--StartFragment --><\/p>\n<p><!--StartFragment --><\/p>\n<p><!--StartFragment --><\/p>\n<p><!--StartFragment --><\/p>\n<p><!--StartFragment --><\/p>\n<p><!--StartFragment --><\/p>\n<p><!--StartFragment --><\/p>\n<p><!--StartFragment --><\/p>\n<p><!--StartFragment --><\/p>\n<p><!--StartFragment --><\/p>\n<p><!--StartFragment --><\/p>\n<p><!--StartFragment --><\/p>\n<p><!--StartFragment --><\/p>\n<p><!--StartFragment --><\/p>\n<p><!--StartFragment --><\/p>\n<p><!--StartFragment --><\/p>\n<p><!--StartFragment --><\/p>\n<p><!--StartFragment --><\/p>\n<p><!--StartFragment --><\/p>\n<p><!--StartFragment --><\/p>\n<p><!--StartFragment --><\/p>\n<p><!--StartFragment --><\/p>\n<p><!--StartFragment --><\/p>\n<p><!--StartFragment --><\/p>\n<p><!--StartFragment --><\/p>\n<p>Szukasz koszulki, kt\u00f3ra wygl\u0105da jak prosto z ameryka\u0144skiego kampusu? Ten model z viralowym nadrukiem <strong>six\u2011seven 67<\/strong> to idealne po\u0142\u0105czenie sportowego stylu, streetwearowej energii i klasycznego \u201eUSA college vibe\u201d. Du\u017ce cyfry, wyrazista typografia i charakterystyczny uk\u0142ad graficzny sprawiaj\u0105, \u017ce koszulka wygl\u0105da jak element dru\u017cynowego merchu z ameryka\u0144skich seriali i stadion\u00f3w.<\/p>\n<p>\u2705 Dlaczego warto?<\/p>\n<ul>\n<li><strong>Viralowy nadruk \u201esix\u2011seven 67\u201d<\/strong> \u2013 przyci\u0105ga wzrok i wpisuje si\u0119 w mod\u0119 na ameryka\u0144skie motywy<\/li>\n<li><strong>Klimat USA varsity \/ college<\/strong> \u2013 idealny dla fan\u00f3w sportowego, kampusowego stylu<\/li>\n<li><strong>Wysoka jako\u015b\u0107 nadruku<\/strong> \u2013 trwa\u0142y, odporny na pranie, zachowuje intensywno\u015b\u0107 kolor\u00f3w<\/li>\n<li><strong>Wysoka jako\u015b\u0107 wykonania<\/strong> \u2013 trwa\u0142y nadruk odporny na pranie, 100% bawe\u0142na, gramatura: 190 g\/m\u00b2<\/li>\n<li><strong>Unisex i uniwersalny kr\u00f3j<\/strong> \u2013 dost\u0119pna w rozmiarach S\u2013XXXL<\/li>\n<li><strong>Idealna do styl\u00f3wek streetwearowych<\/strong> \u2013 pasuje do jeans\u00f3w, jogger\u00f3w, bluz i kurtek typu bomber<\/li>\n<\/ul>\n<p>&nbsp;<\/p>\n<p><!--EndFragment --><\/p>\n<p><!--EndFragment --><\/p>\n<p><!--EndFragment --><\/p>\n<p><!--EndFragment --><\/p>\n<p><!--EndFragment --><\/p>\n<p><!--EndFragment --><\/p>\n<p><!--EndFragment --><\/p>\n<p><!--EndFragment --><\/p>\n<p><!--EndFragment --><\/p>\n<p><!--EndFragment --><\/p>\n<p><!--EndFragment --><\/p>\n<p><!--EndFragment --><\/p>\n<p><!--EndFragment --><\/p>\n<p><img decoding=\"async\" src=\"https:\/\/pik-mi.pl\/wp-content\/uploads\/2025\/10\/rozmiarowka-koszulki-regular.webp\" alt=\"rozmiarowka\" \/><br \/>\n<!--EndFragment --><\/p>\n","protected":false},"featured_media":3610,"comment_status":"open","ping_status":"closed","template":"","meta":{"jetpack_publicize_message":"","jetpack_publicize_feature_enabled":true,"jetpack_social_post_already_shared":true,"jetpack_social_options":{"image_generator_settings":{"template":"highway","default_image_id":0,"font":"","enabled":false},"version":2}},"product_brand":[],"product_cat":[56,62],"product_tag":[],"class_list":{"0":"post-3602","1":"product","2":"type-product","3":"status-publish","4":"has-post-thumbnail","6":"product_cat-koszulki","7":"product_cat-z-humorem","9":"first","10":"instock","11":"shipping-taxable","12":"purchasable","13":"product-type-variable","14":"has-default-attributes"},"jetpack_publicize_connections":[],"_links":{"self":[{"href":"https:\/\/pik-mi.pl\/index.php?rest_route=\/wp\/v2\/product\/3602","targetHints":{"allow":["GET"]}}],"collection":[{"href":"https:\/\/pik-mi.pl\/index.php?rest_route=\/wp\/v2\/product"}],"about":[{"href":"https:\/\/pik-mi.pl\/index.php?rest_route=\/wp\/v2\/types\/product"}],"replies":[{"embeddable":true,"href":"https:\/\/pik-mi.pl\/index.php?rest_route=%2Fwp%2Fv2%2Fcomments&post=3602"}],"wp:featuredmedia":[{"embeddable":true,"href":"https:\/\/pik-mi.pl\/index.php?rest_route=\/wp\/v2\/media\/3610"}],"wp:attachment":[{"href":"https:\/\/pik-mi.pl\/index.php?rest_route=%2Fwp%2Fv2%2Fmedia&parent=3602"}],"wp:term":[{"taxonomy":"product_brand","embeddable":true,"href":"https:\/\/pik-mi.pl\/index.php?rest_route=%2Fwp%2Fv2%2Fproduct_brand&post=3602"},{"taxonomy":"product_cat","embeddable":true,"href":"https:\/\/pik-mi.pl\/index.php?rest_route=%2Fwp%2Fv2%2Fproduct_cat&post=3602"},{"taxonomy":"product_tag","embeddable":true,"href":"https:\/\/pik-mi.pl\/index.php?rest_route=%2Fwp%2Fv2%2Fproduct_tag&post=3602"}],"curies":[{"name":"wp","href":"https:\/\/api.w.org\/{rel}","templated":true}]}}