{"id":3566,"date":"2026-01-05T17:23:16","date_gmt":"2026-01-05T16:23:16","guid":{"rendered":"https:\/\/pik-mi.pl\/?post_type=product&#038;p=3566"},"modified":"2026-01-05T17:23:44","modified_gmt":"2026-01-05T16:23:44","slug":"niezastapiona-ukochana-babcia-kolor-czarny","status":"publish","type":"product","link":"https:\/\/pik-mi.pl\/?product=niezastapiona-ukochana-babcia-kolor-czarny","title":{"rendered":"Niezast\u0105piona, ukochana Babcia, kolor czarny"},"content":{"rendered":"","protected":false},"excerpt":{"rendered":"<p><!--StartFragment --><\/p>\n<p><!--StartFragment --><\/p>\n<p><!--StartFragment --><\/p>\n<p><!--StartFragment --><\/p>\n<p><!--StartFragment --><\/p>\n<p><!--StartFragment --><\/p>\n<p><!--StartFragment --><\/p>\n<p><!--StartFragment --><\/p>\n<p><!--StartFragment --><\/p>\n<p><!--StartFragment --><\/p>\n<p><!--StartFragment --><\/p>\n<p><!--StartFragment --><\/p>\n<p><!--StartFragment --><\/p>\n<p><!--StartFragment --><\/p>\n<p><!--StartFragment --><\/p>\n<p><!--StartFragment --><\/p>\n<p><!--StartFragment --><\/p>\n<p><!--StartFragment --><\/p>\n<p><!--StartFragment --><\/p>\n<p><!--StartFragment --><\/p>\n<p><!--StartFragment --><\/p>\n<p><!--StartFragment --><\/p>\n<p><!--StartFragment --><\/p>\n<p><!--StartFragment --><\/p>\n<p>Szukasz prezentu, kt\u00f3ry naprawd\u0119 wzruszy Twoj\u0105 babci\u0119? Ta koszulka to po\u0142\u0105czenie delikatnej, r\u0119cznie rysowanej grafiki i pi\u0119knego, ukrytego przekazu. Ilustracja w formie znaczka pocztowego ozdobionego kwiatkami wygl\u0105da jak ma\u0142e dzie\u0142o sztuki, a w \u0142odygach kwiat\u00f3w sprytnie wpleciony jest napis \u201eniezast\u0105piona ukochana babcia\u201d. To projekt, kt\u00f3ry zachwyca estetyk\u0105 i jednocze\u015bnie m\u00f3wi dok\u0142adnie to, co najwa\u017cniejsze.<\/p>\n<p>\u2764\ufe0f Dlaczego warto?<\/p>\n<ul>\n<li><strong>Urocza, ilustracyjna grafika<\/strong> \u2013 r\u0119cznie rysowany znaczek pocztowy z kwiatami<\/li>\n<li><strong>Ukryty napis \u201eniezast\u0105piona ukochana babcia\u201d<\/strong> \u2013 subtelny, wzruszaj\u0105cy i wyj\u0105tkowy<\/li>\n<li><strong>Wysoka jako\u015b\u0107 nadruku<\/strong> \u2013 idealne odwzorowanie detali, odporno\u015b\u0107 na pranie<\/li>\n<li><strong>Wysoka jako\u015b\u0107 wykonania<\/strong> \u2013 trwa\u0142y nadruk odporny na pranie, 100% bawe\u0142na, gramatura: 190 g\/m\u00b2<\/li>\n<li><strong>Uniwersalny kr\u00f3j<\/strong> \u2013 pasuje do ka\u017cdej sylwetki, dost\u0119pna w rozmiarach S\u2013XXXL<\/li>\n<li><strong>Idealna na prezent na Dzie\u0144 Babci<\/strong> \u2013 elegancka, symboliczna i pe\u0142na ciep\u0142a<\/li>\n<\/ul>\n<p><!--EndFragment --><\/p>\n<p><!--EndFragment --><\/p>\n<p><!--EndFragment --><\/p>\n<p><!--EndFragment --><\/p>\n<p><!--EndFragment --><\/p>\n<p><!--EndFragment --><\/p>\n<p><!--EndFragment --><\/p>\n<p><!--EndFragment --><\/p>\n<p><!--EndFragment --><\/p>\n<p><!--EndFragment --><\/p>\n<p><!--EndFragment --><\/p>\n<p><!--EndFragment --><\/p>\n<p><!--EndFragment --><\/p>\n<p><img decoding=\"async\" src=\"https:\/\/pik-mi.pl\/wp-content\/uploads\/2025\/10\/rozmiarowka-koszulki-regular.webp\" alt=\"rozmiarowka\" \/><br \/>\n<!--EndFragment --><\/p>\n","protected":false},"featured_media":3574,"comment_status":"open","ping_status":"closed","template":"","meta":{"jetpack_publicize_message":"","jetpack_publicize_feature_enabled":true,"jetpack_social_post_already_shared":true,"jetpack_social_options":{"image_generator_settings":{"template":"highway","default_image_id":0,"font":"","enabled":false},"version":2}},"product_brand":[],"product_cat":[71,56],"product_tag":[],"class_list":{"0":"post-3566","1":"product","2":"type-product","3":"status-publish","4":"has-post-thumbnail","6":"product_cat-dzien-babci-i-dziadka","7":"product_cat-koszulki","9":"first","10":"instock","11":"shipping-taxable","12":"purchasable","13":"product-type-variable","14":"has-default-attributes"},"jetpack_publicize_connections":[],"_links":{"self":[{"href":"https:\/\/pik-mi.pl\/index.php?rest_route=\/wp\/v2\/product\/3566","targetHints":{"allow":["GET"]}}],"collection":[{"href":"https:\/\/pik-mi.pl\/index.php?rest_route=\/wp\/v2\/product"}],"about":[{"href":"https:\/\/pik-mi.pl\/index.php?rest_route=\/wp\/v2\/types\/product"}],"replies":[{"embeddable":true,"href":"https:\/\/pik-mi.pl\/index.php?rest_route=%2Fwp%2Fv2%2Fcomments&post=3566"}],"wp:featuredmedia":[{"embeddable":true,"href":"https:\/\/pik-mi.pl\/index.php?rest_route=\/wp\/v2\/media\/3574"}],"wp:attachment":[{"href":"https:\/\/pik-mi.pl\/index.php?rest_route=%2Fwp%2Fv2%2Fmedia&parent=3566"}],"wp:term":[{"taxonomy":"product_brand","embeddable":true,"href":"https:\/\/pik-mi.pl\/index.php?rest_route=%2Fwp%2Fv2%2Fproduct_brand&post=3566"},{"taxonomy":"product_cat","embeddable":true,"href":"https:\/\/pik-mi.pl\/index.php?rest_route=%2Fwp%2Fv2%2Fproduct_cat&post=3566"},{"taxonomy":"product_tag","embeddable":true,"href":"https:\/\/pik-mi.pl\/index.php?rest_route=%2Fwp%2Fv2%2Fproduct_tag&post=3566"}],"curies":[{"name":"wp","href":"https:\/\/api.w.org\/{rel}","templated":true}]}}