{"id":3476,"date":"2026-01-05T16:57:01","date_gmt":"2026-01-05T15:57:01","guid":{"rendered":"https:\/\/pik-mi.pl\/?post_type=product&#038;p=3476"},"modified":"2026-01-05T16:59:55","modified_gmt":"2026-01-05T15:59:55","slug":"kazdy-dziadek-kolor-bialy","status":"publish","type":"product","link":"https:\/\/pik-mi.pl\/?product=kazdy-dziadek-kolor-bialy","title":{"rendered":"Ka\u017cdy Dziadek, kolor bia\u0142y"},"content":{"rendered":"","protected":false},"excerpt":{"rendered":"<p><!--StartFragment --><\/p>\n<p><!--StartFragment --><\/p>\n<p><!--StartFragment --><\/p>\n<p><!--StartFragment --><\/p>\n<p><!--StartFragment --><\/p>\n<p><!--StartFragment --><\/p>\n<p><!--StartFragment --><\/p>\n<p><!--StartFragment --><\/p>\n<p><!--StartFragment --><\/p>\n<p><!--StartFragment --><\/p>\n<p><!--StartFragment --><\/p>\n<p><!--StartFragment --><\/p>\n<p><!--StartFragment --><\/p>\n<p><!--StartFragment --><\/p>\n<p><!--StartFragment --><\/p>\n<p><!--StartFragment --><\/p>\n<p><!--StartFragment --><\/p>\n<p><!--StartFragment --><\/p>\n<p><!--StartFragment --><\/p>\n<p><!--StartFragment --><\/p>\n<p><!--StartFragment --><\/p>\n<p>Szukasz prezentu, kt\u00f3ry naprawd\u0119 ucieszy Twojego dziadka? Ta koszulka to idealny wyb\u00f3r na Dzie\u0144 Dziadka! Urocze rysunki oraz klasyczne zwroty, kt\u00f3re ka\u017cdy dziadek powtarza z u\u015bmiechem, tworz\u0105 projekt pe\u0142en rodzinnego ciep\u0142a i nostalgii. To prezent, kt\u00f3ry dziadek za\u0142o\u017cy z dum\u0105 \u2014 i z pewno\u015bci\u0105 pochwali si\u0119 nim ka\u017cdemu znajomemu.<\/p>\n<p>\u2764\ufe0f Co znajdziesz na koszulce?<\/p>\n<ul>\n<li><strong>Urocze ilustracje<\/strong> \u2013 rysowane (autorskie, bez u\u017cycia generator\u00f3w AI)<\/li>\n<li><strong>Klasyczne dziadkowe teksty<\/strong><\/li>\n<li><strong>Rodzinny klimat<\/strong> \u2013 idealny na \u015bwi\u0119to, ale te\u017c do codziennego noszenia<\/li>\n<\/ul>\n<p>\u2705 Dlaczego warto?<\/p>\n<ul>\n<li><strong>Idealny prezent na Dzie\u0144 Dziadka<\/strong> \u2013 praktyczny, wzruszaj\u0105cy i pe\u0142en humoru<\/li>\n<li><strong>Wysoka jako\u015b\u0107 nadruku<\/strong> \u2013 trwa\u0142y, odporny na pranie, zachowuje kolory<\/li>\n<li><strong>Wysoka jako\u015b\u0107 wykonania<\/strong> \u2013 trwa\u0142y nadruk odporny na pranie, 100% bawe\u0142na, gramatura: 190 g\/m\u00b2<\/li>\n<li><strong>Uniwersalny kr\u00f3j<\/strong> \u2013 pasuje do ka\u017cdej sylwetki, dost\u0119pna w rozmiarach S\u2013XXXL<\/li>\n<li><strong>Projekt, kt\u00f3ry wywo\u0142a u\u015bmiech<\/strong> \u2013 bo ka\u017cdy dziadek zas\u0142uguje na co\u015b wyj\u0105tkowego<\/li>\n<\/ul>\n<p><!--EndFragment --><\/p>\n<p><!--EndFragment --><\/p>\n<p><!--EndFragment --><\/p>\n<p><!--EndFragment --><\/p>\n<p><!--EndFragment --><\/p>\n<p><!--EndFragment --><\/p>\n<p><!--EndFragment --><\/p>\n<p><!--EndFragment --><\/p>\n<p><!--EndFragment --><\/p>\n<p><!--EndFragment --><\/p>\n<p><!--EndFragment --><\/p>\n<p><!--EndFragment --><\/p>\n<p><!--EndFragment --><\/p>\n<p><img decoding=\"async\" src=\"https:\/\/pik-mi.pl\/wp-content\/uploads\/2025\/10\/rozmiarowka-koszulki-regular.webp\" alt=\"rozmiarowka\" \/><br \/>\n<!--EndFragment --><\/p>\n","protected":false},"featured_media":3484,"comment_status":"open","ping_status":"closed","template":"","meta":{"jetpack_publicize_message":"","jetpack_publicize_feature_enabled":true,"jetpack_social_post_already_shared":true,"jetpack_social_options":{"image_generator_settings":{"template":"highway","default_image_id":0,"font":"","enabled":false},"version":2}},"product_brand":[],"product_cat":[71,56],"product_tag":[],"class_list":{"0":"post-3476","1":"product","2":"type-product","3":"status-publish","4":"has-post-thumbnail","6":"product_cat-dzien-babci-i-dziadka","7":"product_cat-koszulki","9":"first","10":"instock","11":"shipping-taxable","12":"purchasable","13":"product-type-variable","14":"has-default-attributes"},"jetpack_publicize_connections":[],"_links":{"self":[{"href":"https:\/\/pik-mi.pl\/index.php?rest_route=\/wp\/v2\/product\/3476","targetHints":{"allow":["GET"]}}],"collection":[{"href":"https:\/\/pik-mi.pl\/index.php?rest_route=\/wp\/v2\/product"}],"about":[{"href":"https:\/\/pik-mi.pl\/index.php?rest_route=\/wp\/v2\/types\/product"}],"replies":[{"embeddable":true,"href":"https:\/\/pik-mi.pl\/index.php?rest_route=%2Fwp%2Fv2%2Fcomments&post=3476"}],"wp:featuredmedia":[{"embeddable":true,"href":"https:\/\/pik-mi.pl\/index.php?rest_route=\/wp\/v2\/media\/3484"}],"wp:attachment":[{"href":"https:\/\/pik-mi.pl\/index.php?rest_route=%2Fwp%2Fv2%2Fmedia&parent=3476"}],"wp:term":[{"taxonomy":"product_brand","embeddable":true,"href":"https:\/\/pik-mi.pl\/index.php?rest_route=%2Fwp%2Fv2%2Fproduct_brand&post=3476"},{"taxonomy":"product_cat","embeddable":true,"href":"https:\/\/pik-mi.pl\/index.php?rest_route=%2Fwp%2Fv2%2Fproduct_cat&post=3476"},{"taxonomy":"product_tag","embeddable":true,"href":"https:\/\/pik-mi.pl\/index.php?rest_route=%2Fwp%2Fv2%2Fproduct_tag&post=3476"}],"curies":[{"name":"wp","href":"https:\/\/api.w.org\/{rel}","templated":true}]}}