{"id":3458,"date":"2026-01-05T16:48:17","date_gmt":"2026-01-05T15:48:17","guid":{"rendered":"https:\/\/pik-mi.pl\/?post_type=product&#038;p=3458"},"modified":"2026-01-05T16:54:50","modified_gmt":"2026-01-05T15:54:50","slug":"kazda-babcia-kolor-bialy","status":"publish","type":"product","link":"https:\/\/pik-mi.pl\/?product=kazda-babcia-kolor-bialy","title":{"rendered":"Ka\u017cda Babcia, kolor bia\u0142y"},"content":{"rendered":"","protected":false},"excerpt":{"rendered":"<p><!--StartFragment --><\/p>\n<p><!--StartFragment --><\/p>\n<p><!--StartFragment --><\/p>\n<p><!--StartFragment --><\/p>\n<p><!--StartFragment --><\/p>\n<p><!--StartFragment --><\/p>\n<p><!--StartFragment --><\/p>\n<p><!--StartFragment --><\/p>\n<p><!--StartFragment --><\/p>\n<p><!--StartFragment --><\/p>\n<p><!--StartFragment --><\/p>\n<p><!--StartFragment --><\/p>\n<p><!--StartFragment --><\/p>\n<p><!--StartFragment --><\/p>\n<p><!--StartFragment --><\/p>\n<p><!--StartFragment --><\/p>\n<p><!--StartFragment --><\/p>\n<p><!--StartFragment --><\/p>\n<p><!--StartFragment --><\/p>\n<p><!--StartFragment --><\/p>\n<p>Szukasz prezentu, kt\u00f3ry naprawd\u0119 wzruszy i rozbawi Twoj\u0105 babci\u0119? Ta koszulka to idealny wyb\u00f3r na Dzie\u0144 Babci! Urocze rysunki oraz klasyczne zwroty, kt\u00f3re ka\u017cda babcia powtarza z mi\u0142o\u015bci\u0105 i trosk\u0105, tworz\u0105 wyj\u0105tkowy projekt pe\u0142en ciep\u0142a, humoru i rodzinnego klimatu. To prezent, kt\u00f3ry babcia za\u0142o\u017cy z dum\u0105 \u2014 i poka\u017ce wszystkim woko\u0142o.<\/p>\n<p>\u2764\ufe0f Co znajdziesz na koszulce?<br \/>\n\u2022 <strong>Urocze ilustracje<\/strong> \u2013 rysowane (autorskie, bez u\u017cycia generator\u00f3w AI)<br \/>\n\u2022 <strong>Klasyczne babcine teksty\u00a0<\/strong><br \/>\n\u2022 <strong>Ciep\u0142y, rodzinny klimat<\/strong> \u2013 idealny na \u015bwi\u0119to, ale te\u017c na ka\u017cdy dzie\u0144<\/p>\n<p>\u2705 Dlaczego warto?<br \/>\n\u2022 <strong>Wyj\u0105tkowy prezent na Dzie\u0144 Babci<\/strong> \u2013 praktyczny, wzruszaj\u0105cy i pe\u0142en humoru<br \/>\n\u2022 <strong>Wysoka jako\u015b\u0107 nadruku<\/strong> \u2013 trwa\u0142y, odporny na pranie, zachowuje kolory<br \/>\n\u2022 <strong>Wysoka jako\u015b\u0107 wykonania<\/strong> \u2013 trwa\u0142y nadruk odporny na pranie, 100% bawe\u0142na, gramatura: 190 g\/m\u00b2<br \/>\n\u2022 <strong>Uniwersalny kr\u00f3j<\/strong> \u2013 pasuje do ka\u017cdej sylwetki, dost\u0119pna w rozmiarach S\u2013XXXL<br \/>\n\u2022 <strong>Projekt, kt\u00f3ry wywo\u0142a u\u015bmiech<\/strong> \u2013 bo ka\u017cda babcia zas\u0142uguje na co\u015b wyj\u0105tkowego<\/p>\n<p><!--EndFragment --><\/p>\n<p><!--EndFragment --><\/p>\n<p><!--EndFragment --><\/p>\n<p><!--EndFragment --><\/p>\n<p><!--EndFragment --><\/p>\n<p><!--EndFragment --><\/p>\n<p><!--EndFragment --><\/p>\n<p><!--EndFragment --><\/p>\n<p><!--EndFragment --><\/p>\n<p><!--EndFragment --><\/p>\n<p><!--EndFragment --><\/p>\n<p><!--EndFragment --><\/p>\n<p><!--EndFragment --><\/p>\n<p><img decoding=\"async\" src=\"https:\/\/pik-mi.pl\/wp-content\/uploads\/2025\/10\/rozmiarowka-koszulki-regular.webp\" alt=\"rozmiarowka\" \/><br \/>\n<!--EndFragment --><\/p>\n","protected":false},"featured_media":3466,"comment_status":"open","ping_status":"closed","template":"","meta":{"jetpack_publicize_message":"","jetpack_publicize_feature_enabled":true,"jetpack_social_post_already_shared":true,"jetpack_social_options":{"image_generator_settings":{"template":"highway","default_image_id":0,"font":"","enabled":false},"version":2}},"product_brand":[],"product_cat":[71,56],"product_tag":[],"class_list":{"0":"post-3458","1":"product","2":"type-product","3":"status-publish","4":"has-post-thumbnail","6":"product_cat-dzien-babci-i-dziadka","7":"product_cat-koszulki","9":"first","10":"instock","11":"shipping-taxable","12":"purchasable","13":"product-type-variable","14":"has-default-attributes"},"jetpack_publicize_connections":[],"_links":{"self":[{"href":"https:\/\/pik-mi.pl\/index.php?rest_route=\/wp\/v2\/product\/3458","targetHints":{"allow":["GET"]}}],"collection":[{"href":"https:\/\/pik-mi.pl\/index.php?rest_route=\/wp\/v2\/product"}],"about":[{"href":"https:\/\/pik-mi.pl\/index.php?rest_route=\/wp\/v2\/types\/product"}],"replies":[{"embeddable":true,"href":"https:\/\/pik-mi.pl\/index.php?rest_route=%2Fwp%2Fv2%2Fcomments&post=3458"}],"wp:featuredmedia":[{"embeddable":true,"href":"https:\/\/pik-mi.pl\/index.php?rest_route=\/wp\/v2\/media\/3466"}],"wp:attachment":[{"href":"https:\/\/pik-mi.pl\/index.php?rest_route=%2Fwp%2Fv2%2Fmedia&parent=3458"}],"wp:term":[{"taxonomy":"product_brand","embeddable":true,"href":"https:\/\/pik-mi.pl\/index.php?rest_route=%2Fwp%2Fv2%2Fproduct_brand&post=3458"},{"taxonomy":"product_cat","embeddable":true,"href":"https:\/\/pik-mi.pl\/index.php?rest_route=%2Fwp%2Fv2%2Fproduct_cat&post=3458"},{"taxonomy":"product_tag","embeddable":true,"href":"https:\/\/pik-mi.pl\/index.php?rest_route=%2Fwp%2Fv2%2Fproduct_tag&post=3458"}],"curies":[{"name":"wp","href":"https:\/\/api.w.org\/{rel}","templated":true}]}}