{"id":2637,"date":"2025-10-25T13:31:22","date_gmt":"2025-10-25T11:31:22","guid":{"rendered":"https:\/\/pik-mi.pl\/?post_type=product&#038;p=2637"},"modified":"2025-12-18T06:08:06","modified_gmt":"2025-12-18T05:08:06","slug":"a-wez-sie-pier-kolor-buttercream-bluza","status":"publish","type":"product","link":"https:\/\/pik-mi.pl\/?product=a-wez-sie-pier-kolor-buttercream-bluza","title":{"rendered":"A we\u017a si\u0119 pier&#8230; kolor: buttercream bluza"},"content":{"rendered":"","protected":false},"excerpt":{"rendered":"<p><!--StartFragment --><\/p>\n<p>\ud83c\udf84 Bluza \u015bwi\u0105teczna \u201eA we\u017a si\u0119 pier\u2026 nikiem pocz\u0119stuj\u201d \u2013 humor na Bo\u017ce Narodzenie<\/p>\n<p>Szukasz nietuzinkowej bluzy na \u015bwi\u0119ta, kt\u00f3ra rozbawi ka\u017cdego przy wigilijnym stole? Nasza <strong>bluza\u00a0\u015bwi\u0105teczna z zabawnym napisem \u201ea we\u017a si\u0119 pier\u2026 nikiem pocz\u0119stuj\u201d<\/strong> to idealny wyb\u00f3r dla tych, kt\u00f3rzy lubi\u0105 \u0142\u0105czy\u0107 <strong>humor, luz i \u015bwi\u0105teczny klimat<\/strong>.<\/p>\n<p>\u2705 Dlaczego warto?<\/p>\n<ul>\n<li><strong>Unikalny nadruk<\/strong> \u2013 \u015bwi\u0105teczny tekst z przymru\u017ceniem oka, kt\u00f3ry wywo\u0142a u\u015bmiech nawet u te\u015bciowej.<\/li>\n<li><strong>Wysoka jako\u015b\u0107 wykonania <\/strong>&#8211; trwa\u0142y nadruk odporny na pranie, 80% bawe\u0142na, 20% poliester, gramatura: 320 g\/m\u00b2<\/li>\n<li><strong>Idealna na prezent<\/strong> \u2013 dla przyjaci\u00f3\u0142, rodziny, wsp\u00f3\u0142pracownik\u00f3w lub\u2026 samego siebie!<\/li>\n<li><strong>Dost\u0119pna w r\u00f3\u017cnych rozmiarach<\/strong> \u2013 od S do XXL, w wersji oversize.<\/li>\n<\/ul>\n<p>\ud83c\udf81 Bluza na \u015bwi\u0119ta z humorem<\/p>\n<p>To nie kolejna nudna bluza z reniferem. To <strong>\u015bwi\u0105teczny manifest luzu i dystansu<\/strong>, kt\u00f3ry sprawdzi si\u0119 na firmowej wigilii, domowej kolacji czy jako prezent pod choink\u0119. Je\u015bli masz do\u015b\u0107 sztampowych \u017cycze\u0144 i chcesz pokaza\u0107 sw\u00f3j charakter \u2013 ta bluza jest dla Ciebie!<\/p>\n<p><img decoding=\"async\" src=\"https:\/\/pik-mi.pl\/wp-content\/uploads\/2025\/10\/rozmiarowka-bluzy.webp\" alt=\"rozmiarowka\" \/><br \/>\n<!--EndFragment --><\/p>\n","protected":false},"featured_media":2645,"comment_status":"open","ping_status":"closed","template":"","meta":{"jetpack_publicize_message":"","jetpack_publicize_feature_enabled":true,"jetpack_social_post_already_shared":true,"jetpack_social_options":{"image_generator_settings":{"template":"highway","default_image_id":0,"font":"","enabled":false},"version":2}},"product_brand":[],"product_cat":[57],"product_tag":[],"class_list":{"0":"post-2637","1":"product","2":"type-product","3":"status-publish","4":"has-post-thumbnail","6":"product_cat-bluzy","8":"first","9":"outofstock","10":"shipping-taxable","11":"purchasable","12":"product-type-variable"},"jetpack_publicize_connections":[],"_links":{"self":[{"href":"https:\/\/pik-mi.pl\/index.php?rest_route=\/wp\/v2\/product\/2637","targetHints":{"allow":["GET"]}}],"collection":[{"href":"https:\/\/pik-mi.pl\/index.php?rest_route=\/wp\/v2\/product"}],"about":[{"href":"https:\/\/pik-mi.pl\/index.php?rest_route=\/wp\/v2\/types\/product"}],"replies":[{"embeddable":true,"href":"https:\/\/pik-mi.pl\/index.php?rest_route=%2Fwp%2Fv2%2Fcomments&post=2637"}],"wp:featuredmedia":[{"embeddable":true,"href":"https:\/\/pik-mi.pl\/index.php?rest_route=\/wp\/v2\/media\/2645"}],"wp:attachment":[{"href":"https:\/\/pik-mi.pl\/index.php?rest_route=%2Fwp%2Fv2%2Fmedia&parent=2637"}],"wp:term":[{"taxonomy":"product_brand","embeddable":true,"href":"https:\/\/pik-mi.pl\/index.php?rest_route=%2Fwp%2Fv2%2Fproduct_brand&post=2637"},{"taxonomy":"product_cat","embeddable":true,"href":"https:\/\/pik-mi.pl\/index.php?rest_route=%2Fwp%2Fv2%2Fproduct_cat&post=2637"},{"taxonomy":"product_tag","embeddable":true,"href":"https:\/\/pik-mi.pl\/index.php?rest_route=%2Fwp%2Fv2%2Fproduct_tag&post=2637"}],"curies":[{"name":"wp","href":"https:\/\/api.w.org\/{rel}","templated":true}]}}