{"id":2435,"date":"2025-10-16T16:01:16","date_gmt":"2025-10-16T14:01:16","guid":{"rendered":"https:\/\/pik-mi.pl\/?post_type=product&#038;p=2435"},"modified":"2025-12-18T06:08:47","modified_gmt":"2025-12-18T05:08:47","slug":"typowe-swieta-kolor-buttercream","status":"publish","type":"product","link":"https:\/\/pik-mi.pl\/?product=typowe-swieta-kolor-buttercream","title":{"rendered":"Typowe \u015bwi\u0119ta kolor: buttercream"},"content":{"rendered":"","protected":false},"excerpt":{"rendered":"<p><!--StartFragment --><\/p>\n<p><!--StartFragment --><\/p>\n<p><!--StartFragment --><\/p>\n<p><!--StartFragment --><\/p>\n<p><!--StartFragment --><\/p>\n<p><!--StartFragment --><\/p>\n<p><!--StartFragment --><\/p>\n<p><!--StartFragment --><\/p>\n<p><!--StartFragment --><\/p>\n<p><!--StartFragment --><\/p>\n<p><!--StartFragment --><\/p>\n<p><!--StartFragment --><\/p>\n<p>Szukasz koszulki, kt\u00f3ra rozbawi go\u015bci przy wigilijnym stole, a jednocze\u015bnie wpisze si\u0119 w klimat Bo\u017cego Narodzenia? Nasza \u015bwi\u0105teczna koszulka z typowymi has\u0142ami takimi jak \u201e\u015aledzik luby p\u0142ywa\u0107\u201d czy \u201eZostaw to na \u015bwi\u0119ta\u201d to idealna mieszanka humoru, tradycji i wygody. Uzupe\u0142niona o graficzne motywy \u015bwi\u0105teczne \u2013 od choinek po pierniki \u2013 sprawdzi si\u0119 zar\u00f3wno na firmowej wigilii, jak i w domowym zaciszu.<\/p>\n<p>\u2705 Dlaczego warto?<\/p>\n<ul>\n<li><strong>Zabawne has\u0142a \u015bwi\u0105teczne<\/strong> \u2013 kultowe teksty, kt\u00f3re ka\u017cdy zna i kocha<\/li>\n<li><strong>\u015awi\u0105teczne grafiki<\/strong> \u2013 bombki, choinki, \u015bledzie, pierniki \u2013 wszystko, co tworzy klimat<\/li>\n<li><strong>Wysoka jako\u015b\u0107 wykonania<\/strong>\u00a0\u2013 trwa\u0142y nadruk odporny na pranie, 100% bawe\u0142na, gramatura: 190 g\/m\u00b2<\/li>\n<li><strong>Unisex i uniwersalny kr\u00f3j<\/strong> \u2013 dost\u0119pna w rozmiarach S\u2013XXL<\/li>\n<li><strong>Idealna na prezent<\/strong> \u2013 dla fan\u00f3w \u015bwi\u0105tecznego humoru, mem\u00f3w i rodzinnych tradycji<\/li>\n<\/ul>\n<p><!--EndFragment --><\/p>\n<p><!--EndFragment --><\/p>\n<p><!--EndFragment --><\/p>\n<p><!--EndFragment --><\/p>\n<p><!--EndFragment --><\/p>\n<p><!--EndFragment --><\/p>\n<p><!--EndFragment --><\/p>\n<p><!--EndFragment --><\/p>\n<p><!--EndFragment --><\/p>\n<p><!--EndFragment --><\/p>\n<p><!--EndFragment --><\/p>\n<p><img decoding=\"async\" src=\"https:\/\/pik-mi.pl\/wp-content\/uploads\/2025\/10\/rozmiarowka-koszulki-regular.webp\" alt=\"rozmiarowka\" \/><br \/>\n<!--EndFragment --><\/p>\n","protected":false},"featured_media":2433,"comment_status":"open","ping_status":"closed","template":"","meta":{"jetpack_publicize_message":"","jetpack_publicize_feature_enabled":true,"jetpack_social_post_already_shared":false,"jetpack_social_options":{"image_generator_settings":{"template":"highway","default_image_id":0,"font":"","enabled":false},"version":2}},"product_brand":[],"product_cat":[56,58],"product_tag":[],"class_list":{"0":"post-2435","1":"product","2":"type-product","3":"status-publish","4":"has-post-thumbnail","6":"product_cat-koszulki","7":"product_cat-swiateczne","9":"first","10":"outofstock","11":"shipping-taxable","12":"purchasable","13":"product-type-variable"},"jetpack_publicize_connections":[],"_links":{"self":[{"href":"https:\/\/pik-mi.pl\/index.php?rest_route=\/wp\/v2\/product\/2435","targetHints":{"allow":["GET"]}}],"collection":[{"href":"https:\/\/pik-mi.pl\/index.php?rest_route=\/wp\/v2\/product"}],"about":[{"href":"https:\/\/pik-mi.pl\/index.php?rest_route=\/wp\/v2\/types\/product"}],"replies":[{"embeddable":true,"href":"https:\/\/pik-mi.pl\/index.php?rest_route=%2Fwp%2Fv2%2Fcomments&post=2435"}],"wp:featuredmedia":[{"embeddable":true,"href":"https:\/\/pik-mi.pl\/index.php?rest_route=\/wp\/v2\/media\/2433"}],"wp:attachment":[{"href":"https:\/\/pik-mi.pl\/index.php?rest_route=%2Fwp%2Fv2%2Fmedia&parent=2435"}],"wp:term":[{"taxonomy":"product_brand","embeddable":true,"href":"https:\/\/pik-mi.pl\/index.php?rest_route=%2Fwp%2Fv2%2Fproduct_brand&post=2435"},{"taxonomy":"product_cat","embeddable":true,"href":"https:\/\/pik-mi.pl\/index.php?rest_route=%2Fwp%2Fv2%2Fproduct_cat&post=2435"},{"taxonomy":"product_tag","embeddable":true,"href":"https:\/\/pik-mi.pl\/index.php?rest_route=%2Fwp%2Fv2%2Fproduct_tag&post=2435"}],"curies":[{"name":"wp","href":"https:\/\/api.w.org\/{rel}","templated":true}]}}