{"id":2380,"date":"2025-10-16T15:48:54","date_gmt":"2025-10-16T13:48:54","guid":{"rendered":"https:\/\/pik-mi.pl\/?post_type=product&#038;p=2380"},"modified":"2025-10-20T18:01:43","modified_gmt":"2025-10-20T16:01:43","slug":"hater-of-haters-kolor-bialy","status":"publish","type":"product","link":"https:\/\/pik-mi.pl\/?product=hater-of-haters-kolor-bialy","title":{"rendered":"Hater of Haters kolor: bia\u0142y"},"content":{"rendered":"","protected":false},"excerpt":{"rendered":"<p><!--StartFragment --><\/p>\n<p><!--StartFragment --><\/p>\n<p><!--StartFragment --><\/p>\n<p><!--StartFragment --><\/p>\n<p><!--StartFragment --><\/p>\n<p><!--StartFragment --><\/p>\n<p><!--StartFragment --><\/p>\n<p><!--StartFragment --><\/p>\n<p><!--StartFragment --><\/p>\n<p>Masz do\u015b\u0107 toksycznych komentarzy i negatywnej energii? Poka\u017c \u015bwiatu, \u017ce nie tolerujesz hejtu \u2014 z klas\u0105 i dystansem. Koszulka \u201eHater of Haters\u201d to manifest dla ludzi, kt\u00f3rzy ceni\u0105 szczero\u015b\u0107, luz i dobr\u0105 energi\u0119. Minimalistyczny napis, maksymalny przekaz.<\/p>\n<p>\u2705 Dlaczego warto?<\/p>\n<ul>\n<li><strong>Wyrazisty nadruk<\/strong> \u2013 prosty, mocny komunikat, kt\u00f3ry m\u00f3wi wszystko<\/li>\n<li><strong>Wysoka jako\u015b\u0107 wykonania<\/strong> \u2013 trwa\u0142y nadruk odporny na pranie, 100% bawe\u0142na, gramatura: 190 g\/m\u00b2<\/li>\n<li><strong>Unisex i uniwersalny kr\u00f3j<\/strong> \u2013 dost\u0119pna w rozmiarach S\u2013XXXL<\/li>\n<li><strong>Idealna na prezent<\/strong> \u2013 dla os\u00f3b z charakterem, fan\u00f3w streetwearu i tych, kt\u00f3rzy nie boj\u0105 si\u0119 m\u00f3wi\u0107, co my\u015bl\u0105<\/li>\n<\/ul>\n<p><!--EndFragment --><\/p>\n<p><!--EndFragment --><\/p>\n<p><!--EndFragment --><\/p>\n<p><!--EndFragment --><\/p>\n<p><!--EndFragment --><\/p>\n<p><!--EndFragment --><\/p>\n<p><!--EndFragment --><\/p>\n<p><!--EndFragment --><\/p>\n<p><img decoding=\"async\" src=\"https:\/\/pik-mi.pl\/wp-content\/uploads\/2025\/10\/rozmiarowka-koszulki-regular.webp\" alt=\"rozmiarowka\" \/><br \/>\n<!--EndFragment --><\/p>\n","protected":false},"featured_media":2388,"comment_status":"open","ping_status":"closed","template":"","meta":{"jetpack_publicize_message":"","jetpack_publicize_feature_enabled":true,"jetpack_social_post_already_shared":false,"jetpack_social_options":{"image_generator_settings":{"template":"highway","default_image_id":0,"font":"","enabled":false},"version":2}},"product_brand":[],"product_cat":[56,62],"product_tag":[],"class_list":{"0":"post-2380","1":"product","2":"type-product","3":"status-publish","4":"has-post-thumbnail","6":"product_cat-koszulki","7":"product_cat-z-humorem","9":"first","10":"instock","11":"shipping-taxable","12":"purchasable","13":"product-type-variable"},"jetpack_publicize_connections":[],"_links":{"self":[{"href":"https:\/\/pik-mi.pl\/index.php?rest_route=\/wp\/v2\/product\/2380","targetHints":{"allow":["GET"]}}],"collection":[{"href":"https:\/\/pik-mi.pl\/index.php?rest_route=\/wp\/v2\/product"}],"about":[{"href":"https:\/\/pik-mi.pl\/index.php?rest_route=\/wp\/v2\/types\/product"}],"replies":[{"embeddable":true,"href":"https:\/\/pik-mi.pl\/index.php?rest_route=%2Fwp%2Fv2%2Fcomments&post=2380"}],"wp:featuredmedia":[{"embeddable":true,"href":"https:\/\/pik-mi.pl\/index.php?rest_route=\/wp\/v2\/media\/2388"}],"wp:attachment":[{"href":"https:\/\/pik-mi.pl\/index.php?rest_route=%2Fwp%2Fv2%2Fmedia&parent=2380"}],"wp:term":[{"taxonomy":"product_brand","embeddable":true,"href":"https:\/\/pik-mi.pl\/index.php?rest_route=%2Fwp%2Fv2%2Fproduct_brand&post=2380"},{"taxonomy":"product_cat","embeddable":true,"href":"https:\/\/pik-mi.pl\/index.php?rest_route=%2Fwp%2Fv2%2Fproduct_cat&post=2380"},{"taxonomy":"product_tag","embeddable":true,"href":"https:\/\/pik-mi.pl\/index.php?rest_route=%2Fwp%2Fv2%2Fproduct_tag&post=2380"}],"curies":[{"name":"wp","href":"https:\/\/api.w.org\/{rel}","templated":true}]}}