{"id":2362,"date":"2025-10-16T15:45:29","date_gmt":"2025-10-16T13:45:29","guid":{"rendered":"https:\/\/pik-mi.pl\/?post_type=product&#038;p=2362"},"modified":"2025-10-20T18:02:10","modified_gmt":"2025-10-20T16:02:10","slug":"kwak-off-kolor-bialy","status":"publish","type":"product","link":"https:\/\/pik-mi.pl\/?product=kwak-off-kolor-bialy","title":{"rendered":"Kwak off kolor: bia\u0142y"},"content":{"rendered":"","protected":false},"excerpt":{"rendered":"<p><!--StartFragment --><\/p>\n<p><!--StartFragment --><\/p>\n<p><!--StartFragment --><\/p>\n<p><!--StartFragment --><\/p>\n<p><!--StartFragment --><\/p>\n<p><!--StartFragment --><\/p>\n<p><!--StartFragment --><\/p>\n<p><!--StartFragment --><\/p>\n<p>Masz do\u015b\u0107 ludzi, kt\u00f3rzy zawracaj\u0105 Ci g\u0142ow\u0119? Powiedz im to\u2026 po kaczkowemu! Koszulka z napisem \u201eKwak Off\u201d to kreatywna, cenzuralna wersja znanego zwrotu, kt\u00f3ra rozbawi ka\u017cdego fana absurdu, mem\u00f3w i s\u0142ownych \u017cart\u00f3w. Idealna na luzie, na imprez\u0119, do pracy z dystansem \u2014 albo jako prezent dla kogo\u015b, kto ma ci\u0119ty j\u0119zyk i kaczy charakter.<\/p>\n<p>\u2705 Dlaczego warto?<\/p>\n<ul>\n<li><strong>Zabawny nadruk<\/strong> \u2013 gra s\u0142\u00f3w, kt\u00f3ra wywo\u0142uje u\u015bmiech i zaciekawienie<\/li>\n<li><strong>Wysoka jako\u015b\u0107 wykonania<\/strong> \u2013 trwa\u0142y nadruk odporny na pranie, 100% bawe\u0142na, gramatura: 190 g\/m\u00b2<\/li>\n<li><strong>Unisex i uniwersalny kr\u00f3j<\/strong> \u2013 dost\u0119pna w rozmiarach S\u2013XXXL<\/li>\n<li><strong>Idealna na prezent<\/strong> \u2013 dla fan\u00f3w mem\u00f3w, j\u0119zykowych \u017cart\u00f3w i os\u00f3b z poczuciem humoru<\/li>\n<\/ul>\n<p><!--EndFragment --><\/p>\n<p><!--EndFragment --><\/p>\n<p><!--EndFragment --><\/p>\n<p><!--EndFragment --><\/p>\n<p><!--EndFragment --><\/p>\n<p><!--EndFragment --><\/p>\n<p><!--EndFragment --><\/p>\n<p><img decoding=\"async\" src=\"https:\/\/pik-mi.pl\/wp-content\/uploads\/2025\/10\/rozmiarowka-koszulki-regular.webp\" alt=\"rozmiarowka\" \/><br \/>\n<!--EndFragment --><\/p>\n","protected":false},"featured_media":2371,"comment_status":"open","ping_status":"closed","template":"","meta":{"jetpack_publicize_message":"","jetpack_publicize_feature_enabled":true,"jetpack_social_post_already_shared":false,"jetpack_social_options":{"image_generator_settings":{"template":"highway","default_image_id":0,"font":"","enabled":false},"version":2}},"product_brand":[],"product_cat":[56,62],"product_tag":[],"class_list":{"0":"post-2362","1":"product","2":"type-product","3":"status-publish","4":"has-post-thumbnail","6":"product_cat-koszulki","7":"product_cat-z-humorem","9":"first","10":"instock","11":"shipping-taxable","12":"purchasable","13":"product-type-variable"},"jetpack_publicize_connections":[],"_links":{"self":[{"href":"https:\/\/pik-mi.pl\/index.php?rest_route=\/wp\/v2\/product\/2362","targetHints":{"allow":["GET"]}}],"collection":[{"href":"https:\/\/pik-mi.pl\/index.php?rest_route=\/wp\/v2\/product"}],"about":[{"href":"https:\/\/pik-mi.pl\/index.php?rest_route=\/wp\/v2\/types\/product"}],"replies":[{"embeddable":true,"href":"https:\/\/pik-mi.pl\/index.php?rest_route=%2Fwp%2Fv2%2Fcomments&post=2362"}],"wp:featuredmedia":[{"embeddable":true,"href":"https:\/\/pik-mi.pl\/index.php?rest_route=\/wp\/v2\/media\/2371"}],"wp:attachment":[{"href":"https:\/\/pik-mi.pl\/index.php?rest_route=%2Fwp%2Fv2%2Fmedia&parent=2362"}],"wp:term":[{"taxonomy":"product_brand","embeddable":true,"href":"https:\/\/pik-mi.pl\/index.php?rest_route=%2Fwp%2Fv2%2Fproduct_brand&post=2362"},{"taxonomy":"product_cat","embeddable":true,"href":"https:\/\/pik-mi.pl\/index.php?rest_route=%2Fwp%2Fv2%2Fproduct_cat&post=2362"},{"taxonomy":"product_tag","embeddable":true,"href":"https:\/\/pik-mi.pl\/index.php?rest_route=%2Fwp%2Fv2%2Fproduct_tag&post=2362"}],"curies":[{"name":"wp","href":"https:\/\/api.w.org\/{rel}","templated":true}]}}