{"id":2253,"date":"2025-10-16T07:47:25","date_gmt":"2025-10-16T05:47:25","guid":{"rendered":"https:\/\/pik-mi.pl\/?post_type=product&#038;p=2253"},"modified":"2025-10-20T18:22:56","modified_gmt":"2025-10-20T16:22:56","slug":"english-bulldog-club-kolor-czarny","status":"publish","type":"product","link":"https:\/\/pik-mi.pl\/?product=english-bulldog-club-kolor-czarny","title":{"rendered":"English Bulldog Club kolor: czarny"},"content":{"rendered":"","protected":false},"excerpt":{"rendered":"<p><!--StartFragment --><\/p>\n<p><!--StartFragment --><\/p>\n<p>Je\u015bli kochasz buldogi angielskie i cenisz sobie oryginalny styl, ta koszulka jest dla Ciebie! Na froncie znajduje si\u0119 wyrazisty nadruk buldoga angielskiego z napisem \u201eEnglish Bulldog Club\u201d \u2013 idealna mieszanka luzu, humoru i mi\u0142o\u015bci do ps\u00f3w.<\/p>\n<p>\u2705 Co j\u0105 wyr\u00f3\u017cnia?<\/p>\n<ul>\n<li><strong>Unikalny design<\/strong> \u2013 buldog z charakterem, kt\u00f3ry m\u00f3wi wi\u0119cej ni\u017c tysi\u0105c s\u0142\u00f3w<\/li>\n<li><strong>Wysoka jako\u015b\u0107 wykonania <\/strong>&#8211; trwa\u0142y nadruk odporny na pranie, 100% bawe\u0142na, gramatura: 190 g\/m\u00b2<\/li>\n<li><strong>Unisex<\/strong> \u2013 dost\u0119pna w rozmiarach S\u2013XXXL, pasuje ka\u017cdemu<\/li>\n<li><strong>Idealna na prezent<\/strong> \u2013 dla w\u0142a\u015bcicieli buldog\u00f3w, fan\u00f3w ps\u00f3w<\/li>\n<\/ul>\n<p><!--EndFragment --><\/p>\n<p><img decoding=\"async\" src=\"https:\/\/pik-mi.pl\/wp-content\/uploads\/2025\/10\/rozmiarowka-koszulki-regular.webp\" alt=\"rozmiarowka\" \/><br \/>\n<!--EndFragment --><\/p>\n","protected":false},"featured_media":2261,"comment_status":"open","ping_status":"closed","template":"","meta":{"jetpack_publicize_message":"","jetpack_publicize_feature_enabled":true,"jetpack_social_post_already_shared":false,"jetpack_social_options":{"image_generator_settings":{"template":"highway","default_image_id":0,"font":"","enabled":false},"version":2}},"product_brand":[],"product_cat":[56,61],"product_tag":[],"class_list":{"0":"post-2253","1":"product","2":"type-product","3":"status-publish","4":"has-post-thumbnail","6":"product_cat-koszulki","7":"product_cat-zwierzaki","9":"first","10":"instock","11":"shipping-taxable","12":"purchasable","13":"product-type-variable"},"jetpack_publicize_connections":[],"_links":{"self":[{"href":"https:\/\/pik-mi.pl\/index.php?rest_route=\/wp\/v2\/product\/2253","targetHints":{"allow":["GET"]}}],"collection":[{"href":"https:\/\/pik-mi.pl\/index.php?rest_route=\/wp\/v2\/product"}],"about":[{"href":"https:\/\/pik-mi.pl\/index.php?rest_route=\/wp\/v2\/types\/product"}],"replies":[{"embeddable":true,"href":"https:\/\/pik-mi.pl\/index.php?rest_route=%2Fwp%2Fv2%2Fcomments&post=2253"}],"wp:featuredmedia":[{"embeddable":true,"href":"https:\/\/pik-mi.pl\/index.php?rest_route=\/wp\/v2\/media\/2261"}],"wp:attachment":[{"href":"https:\/\/pik-mi.pl\/index.php?rest_route=%2Fwp%2Fv2%2Fmedia&parent=2253"}],"wp:term":[{"taxonomy":"product_brand","embeddable":true,"href":"https:\/\/pik-mi.pl\/index.php?rest_route=%2Fwp%2Fv2%2Fproduct_brand&post=2253"},{"taxonomy":"product_cat","embeddable":true,"href":"https:\/\/pik-mi.pl\/index.php?rest_route=%2Fwp%2Fv2%2Fproduct_cat&post=2253"},{"taxonomy":"product_tag","embeddable":true,"href":"https:\/\/pik-mi.pl\/index.php?rest_route=%2Fwp%2Fv2%2Fproduct_tag&post=2253"}],"curies":[{"name":"wp","href":"https:\/\/api.w.org\/{rel}","templated":true}]}}