{"id":2244,"date":"2025-10-16T07:44:39","date_gmt":"2025-10-16T05:44:39","guid":{"rendered":"https:\/\/pik-mi.pl\/?post_type=product&#038;p=2244"},"modified":"2025-10-20T18:08:11","modified_gmt":"2025-10-20T16:08:11","slug":"dalmatian-dog-club-kolor-bialy","status":"publish","type":"product","link":"https:\/\/pik-mi.pl\/?product=dalmatian-dog-club-kolor-bialy","title":{"rendered":"Dalmatian Dog Club kolor: bia\u0142y"},"content":{"rendered":"","protected":false},"excerpt":{"rendered":"<p><!--StartFragment --><\/p>\n<p>Szukasz wyj\u0105tkowej koszulki z motywem psa? Nasza koszulka \u201eDalmatian Dog Club\u201d to idealny wyb\u00f3r dla fan\u00f3w dalmaty\u0144czyk\u00f3w i stylowego streetwearu! Na froncie znajduje si\u0119 uroczy nadruk dalmaty\u0144czyka oraz napis \u201eDalmatian Dog Club\u201d \u2013 prosty, a zarazem wyrazisty design, kt\u00f3ry przyci\u0105ga spojrzenia.<\/p>\n<p>\u2705 Dlaczego warto?<\/p>\n<ul>\n<li><strong>Wysoka jako\u015b\u0107 wykonania <\/strong>&#8211; trwa\u0142y nadruk odporny na pranie, 100% bawe\u0142na, gramatura: 190 g\/m\u00b2<\/li>\n<li><strong>Unisex<\/strong> \u2013 dost\u0119pna w rozmiarach S\u2013XXXL, pasuje zar\u00f3wno kobietom, jak i m\u0119\u017cczyznom<\/li>\n<li><strong>Idealna na prezent<\/strong> \u2013 dla w\u0142a\u015bcicieli dalmaty\u0144czyk\u00f3w, fan\u00f3w ps\u00f3w<\/li>\n<\/ul>\n<p><!--EndFragment --><\/p>\n<p><img decoding=\"async\" src=\"https:\/\/pik-mi.pl\/wp-content\/uploads\/2025\/10\/rozmiarowka-koszulki-regular.webp\" alt=\"rozmiarowka\" \/><br \/>\n<!--EndFragment --><\/p>\n","protected":false},"featured_media":2252,"comment_status":"open","ping_status":"closed","template":"","meta":{"jetpack_publicize_message":"","jetpack_publicize_feature_enabled":true,"jetpack_social_post_already_shared":false,"jetpack_social_options":{"image_generator_settings":{"template":"highway","default_image_id":0,"font":"","enabled":false},"version":2}},"product_brand":[],"product_cat":[56,61],"product_tag":[],"class_list":{"0":"post-2244","1":"product","2":"type-product","3":"status-publish","4":"has-post-thumbnail","6":"product_cat-koszulki","7":"product_cat-zwierzaki","9":"first","10":"instock","11":"shipping-taxable","12":"purchasable","13":"product-type-variable"},"jetpack_publicize_connections":[],"_links":{"self":[{"href":"https:\/\/pik-mi.pl\/index.php?rest_route=\/wp\/v2\/product\/2244","targetHints":{"allow":["GET"]}}],"collection":[{"href":"https:\/\/pik-mi.pl\/index.php?rest_route=\/wp\/v2\/product"}],"about":[{"href":"https:\/\/pik-mi.pl\/index.php?rest_route=\/wp\/v2\/types\/product"}],"replies":[{"embeddable":true,"href":"https:\/\/pik-mi.pl\/index.php?rest_route=%2Fwp%2Fv2%2Fcomments&post=2244"}],"wp:featuredmedia":[{"embeddable":true,"href":"https:\/\/pik-mi.pl\/index.php?rest_route=\/wp\/v2\/media\/2252"}],"wp:attachment":[{"href":"https:\/\/pik-mi.pl\/index.php?rest_route=%2Fwp%2Fv2%2Fmedia&parent=2244"}],"wp:term":[{"taxonomy":"product_brand","embeddable":true,"href":"https:\/\/pik-mi.pl\/index.php?rest_route=%2Fwp%2Fv2%2Fproduct_brand&post=2244"},{"taxonomy":"product_cat","embeddable":true,"href":"https:\/\/pik-mi.pl\/index.php?rest_route=%2Fwp%2Fv2%2Fproduct_cat&post=2244"},{"taxonomy":"product_tag","embeddable":true,"href":"https:\/\/pik-mi.pl\/index.php?rest_route=%2Fwp%2Fv2%2Fproduct_tag&post=2244"}],"curies":[{"name":"wp","href":"https:\/\/api.w.org\/{rel}","templated":true}]}}