{"id":2128,"date":"2025-10-05T19:07:54","date_gmt":"2025-10-05T17:07:54","guid":{"rendered":"https:\/\/pik-mi.pl\/?post_type=product&#038;p=2128"},"modified":"2025-12-18T06:11:56","modified_gmt":"2025-12-18T05:11:56","slug":"ghost-pumpkin-la-boo-boo-kolor-bialy","status":"publish","type":"product","link":"https:\/\/pik-mi.pl\/?product=ghost-pumpkin-la-boo-boo-kolor-bialy","title":{"rendered":"Ghost &#038; Pumpkin la boo boo! kolor: bia\u0142y"},"content":{"rendered":"","protected":false},"excerpt":{"rendered":"<p><!--StartFragment --><\/p>\n<p>\ud83c\udf83\ud83d\udc7b Koszulka Halloweenowa \u201eGhost &amp; Pumpkin\u201d \u2013 strasznie urocza styl\u00f3wka na Halloween<\/p>\n<p>Szukasz oryginalnej koszulki na Halloween, kt\u00f3ra \u0142\u0105czy <strong>urok, klimat grozy i nutk\u0119 japo\u0144skiej estetyki<\/strong>? Nasza <strong>koszulka halloweenowa La BOO BOO<\/strong>, z grafik\u0105 duszka i dyni z charakterystycznym u\u015bmiechem, to idealna propozycja dla fan\u00f3w nietypowych stylizacji i s\u0142odko-strasznych motyw\u00f3w.<\/p>\n<p>\u2705 Dlaczego warto?<\/p>\n<ul>\n<li><strong>Unikalna grafika<\/strong> \u2013 duszek i dynia z u\u015bmiechem to po\u0142\u0105czenie grozy i uroku.<\/li>\n<li><strong>Wysoka jako\u015b\u0107 wykonania <\/strong>&#8211; trwa\u0142y nadruk odporny na pranie, 100% bawe\u0142na, gramatura: 190 g\/m\u00b2<\/li>\n<li><strong>Dost\u0119pna w rozmiarach od XS do XXXL<\/strong> \u2013 w wersji unisex.<\/li>\n<li><strong>Idealna na prezent<\/strong> \u2013 dla fan\u00f3w japo\u0144skich klimat\u00f3w i klimatu Halloween.<\/li>\n<\/ul>\n<p>\ud83c\udf81 Koszulka na Halloween z duszkiem i dyni\u0105<\/p>\n<p>Niech Twoja stylizacja na Halloween b\u0119dzie inna ni\u017c wszystkie! Koszulka \u201eGhost &amp; Pumpkin\u201d to <strong>po\u0142\u0105czenie japo\u0144skiej estetyki, halloweenowego klimatu i artystycznego luzu<\/strong>, kt\u00f3re sprawdzi si\u0119 na imprezie, sesji zdj\u0119ciowej czy jako prezent dla kolekcjonera.<\/p>\n<p><img decoding=\"async\" src=\"https:\/\/pik-mi.pl\/wp-content\/uploads\/2025\/10\/rozmiarowka-koszulki-regular.webp\" alt=\"rozmiarowka\" \/><br \/>\n<!--EndFragment --><\/p>\n","protected":false},"featured_media":1957,"comment_status":"open","ping_status":"closed","template":"","meta":{"jetpack_publicize_message":"","jetpack_publicize_feature_enabled":true,"jetpack_social_post_already_shared":false,"jetpack_social_options":{"image_generator_settings":{"template":"highway","default_image_id":0,"font":"","enabled":false},"version":2}},"product_brand":[],"product_cat":[59,56],"product_tag":[],"class_list":{"0":"post-2128","1":"product","2":"type-product","3":"status-publish","4":"has-post-thumbnail","6":"product_cat-halloween","7":"product_cat-koszulki","9":"first","10":"outofstock","11":"shipping-taxable","12":"purchasable","13":"product-type-variable"},"jetpack_publicize_connections":[],"_links":{"self":[{"href":"https:\/\/pik-mi.pl\/index.php?rest_route=\/wp\/v2\/product\/2128","targetHints":{"allow":["GET"]}}],"collection":[{"href":"https:\/\/pik-mi.pl\/index.php?rest_route=\/wp\/v2\/product"}],"about":[{"href":"https:\/\/pik-mi.pl\/index.php?rest_route=\/wp\/v2\/types\/product"}],"replies":[{"embeddable":true,"href":"https:\/\/pik-mi.pl\/index.php?rest_route=%2Fwp%2Fv2%2Fcomments&post=2128"}],"wp:featuredmedia":[{"embeddable":true,"href":"https:\/\/pik-mi.pl\/index.php?rest_route=\/wp\/v2\/media\/1957"}],"wp:attachment":[{"href":"https:\/\/pik-mi.pl\/index.php?rest_route=%2Fwp%2Fv2%2Fmedia&parent=2128"}],"wp:term":[{"taxonomy":"product_brand","embeddable":true,"href":"https:\/\/pik-mi.pl\/index.php?rest_route=%2Fwp%2Fv2%2Fproduct_brand&post=2128"},{"taxonomy":"product_cat","embeddable":true,"href":"https:\/\/pik-mi.pl\/index.php?rest_route=%2Fwp%2Fv2%2Fproduct_cat&post=2128"},{"taxonomy":"product_tag","embeddable":true,"href":"https:\/\/pik-mi.pl\/index.php?rest_route=%2Fwp%2Fv2%2Fproduct_tag&post=2128"}],"curies":[{"name":"wp","href":"https:\/\/api.w.org\/{rel}","templated":true}]}}